{"id":3059,"date":"2025-12-22T14:59:30","date_gmt":"2025-12-22T11:59:30","guid":{"rendered":"https:\/\/www.zngenerji.com\/?page_id=3059"},"modified":"2025-12-22T15:14:15","modified_gmt":"2025-12-22T12:14:15","slug":"wat-mobilite-ac-sarj-istasyonlari","status":"publish","type":"page","link":"https:\/\/www.zngenerji.com\/?page_id=3059","title":{"rendered":"AC HIZLI \u015eARJ \u0130STASYONLARI"},"content":{"rendered":"\t\t<div data-elementor-type=\"wp-page\" data-elementor-id=\"3059\" class=\"elementor elementor-3059\">\n\t\t\t\t\t\t<main class=\"elementor-section elementor-top-section elementor-element elementor-element-ed9fea elementor-section-boxed elementor-section-height-default elementor-section-height-default\" data-id=\"ed9fea\" data-element_type=\"section\">\r\n\t\t\t\t\t\t<div class=\"elementor-container elementor-column-gap-thegem\"><div class=\"elementor-row\">\r\n\t\t\t\t\t<div class=\"elementor-column elementor-col-100 elementor-top-column elementor-element elementor-element-796d0de7\" data-id=\"796d0de7\" data-element_type=\"column\">\n\t\t\t<div class=\"elementor-widget-wrap elementor-element-populated\">\n\t\t\t\t\t\t<div class=\"elementor-element elementor-element-318bdec4 flex-horizontal-align-default flex-horizontal-align-tablet-default flex-horizontal-align-mobile-default flex-vertical-align-default flex-vertical-align-tablet-default flex-vertical-align-mobile-default elementor-invisible elementor-widget elementor-widget-image\" data-id=\"318bdec4\" data-element_type=\"widget\" data-settings=\"{&quot;_animation&quot;:&quot;fadeIn&quot;}\" data-widget_type=\"image.default\">\n\t\t\t\t\t\t\t\t\t\t\t\t\t\t\t<img width=\"191\" height=\"800\" src=\"https:\/\/www.zngenerji.com\/wp-content\/uploads\/2025\/12\/WATMOBILITE-AW-SERISI.png\" class=\"attachment-full size-full wp-image-3065\" alt=\"\" \/>\t\t\t\t\t\t\t\t\t\t\t\t\t\t\t<\/div>\n\t\t\t\t<div class=\"elementor-element elementor-element-64c44adb flex-horizontal-align-default flex-horizontal-align-tablet-default flex-horizontal-align-mobile-default flex-vertical-align-default flex-vertical-align-tablet-default flex-vertical-align-mobile-default elementor-invisible elementor-widget elementor-widget-heading\" data-id=\"64c44adb\" data-element_type=\"widget\" data-settings=\"{&quot;_animation&quot;:&quot;fadeInUp&quot;}\" data-widget_type=\"heading.default\">\n\t\t\t\t\t<div class=\"title-h2 elementor-heading-title elementor-size-default\">AW SER\u0130S\u0130<\/div>\t\t\t\t<\/div>\n\t\t\t\t<div class=\"elementor-element elementor-element-767fc6fa flex-horizontal-align-default flex-horizontal-align-tablet-default flex-horizontal-align-mobile-default flex-vertical-align-default flex-vertical-align-tablet-default flex-vertical-align-mobile-default elementor-invisible elementor-widget elementor-widget-text-editor\" data-id=\"767fc6fa\" data-element_type=\"widget\" data-settings=\"{&quot;_animation&quot;:&quot;fadeInUp&quot;}\" data-widget_type=\"text-editor.default\">\n\t\t\t\t\t\t\t\t\t\t\t\t<div class=\"elementor-text-editor elementor-clearfix\">\r\n\t\t\t\t\t\t<ul><li>Bireysel ve filo kullan\u0131mlar\u0131 i\u00e7in ideal<\/li><li>Merkezi Y\u00f6netim Sistemi i\u00e7in iste\u011fe ba\u011fl\u0131 kablolu\/kablosuz ba\u011flant\u0131<\/li><li>Kullan\u0131c\u0131 do\u011frulama ve y\u00f6netimi i\u00e7in RFID kart okuyucu<\/li><li>Giri\u015f: 200Vac~240Vac<\/li><li>Modern, ergonomik ve \u00f6zelle\u015ftirilebilir tasar\u0131m<\/li><li>\u0130\u00e7\/D\u0131\u015f ortamlara uygun IP55 koruma<\/li><li>Uzaktan ba\u011flant\u0131 arac\u0131l\u0131\u011f\u0131yla ayg\u0131t yaz\u0131l\u0131m\u0131 g\u00fcncellemeleri<\/li><li>\u015earj aray\u00fcz\u00fc: IEC 62196 (Tip 2)<\/li><li>OCPP 1.6 JSON<\/li><\/ul>\t\t\t\t\t\t\t<\/div>\r\n\t\t\t\t\t\t\t\t\t\t<\/div>\n\t\t\t\t\t<\/div>\n\t\t<\/div>\n\t\t\t\t\t<\/div><\/div>\r\n\t\t<\/main>\r\n\t\t\t\t<main class=\"elementor-section elementor-top-section elementor-element elementor-element-0111883 elementor-section-boxed elementor-section-height-default elementor-section-height-default\" data-id=\"0111883\" data-element_type=\"section\">\r\n\t\t\t\t\t\t<div class=\"elementor-container elementor-column-gap-thegem\"><div class=\"elementor-row\">\r\n\t\t\t\t\t<div class=\"elementor-column elementor-col-100 elementor-top-column elementor-element elementor-element-1eb9965\" data-id=\"1eb9965\" data-element_type=\"column\">\n\t\t\t<div class=\"elementor-widget-wrap elementor-element-populated\">\n\t\t\t\t\t\t<div class=\"elementor-element elementor-element-ab99b96 flex-horizontal-align-default flex-horizontal-align-tablet-default flex-horizontal-align-mobile-default flex-vertical-align-default flex-vertical-align-tablet-default flex-vertical-align-mobile-default elementor-invisible elementor-widget elementor-widget-image\" data-id=\"ab99b96\" data-element_type=\"widget\" data-settings=\"{&quot;_animation&quot;:&quot;fadeIn&quot;}\" data-widget_type=\"image.default\">\n\t\t\t\t\t\t\t\t\t\t\t\t\t\t\t<img width=\"529\" height=\"1124\" src=\"https:\/\/www.zngenerji.com\/wp-content\/uploads\/2025\/12\/WAT-MOBILITE-AP-SERI.png\" class=\"attachment-full size-full wp-image-3064\" alt=\"\" srcset=\"https:\/\/www.zngenerji.com\/wp-content\/uploads\/2025\/12\/WAT-MOBILITE-AP-SERI.png 529w, https:\/\/www.zngenerji.com\/wp-content\/uploads\/2025\/12\/WAT-MOBILITE-AP-SERI-141x300.png 141w, https:\/\/www.zngenerji.com\/wp-content\/uploads\/2025\/12\/WAT-MOBILITE-AP-SERI-482x1024.png 482w\" sizes=\"(max-width: 529px) 100vw, 529px\" \/>\t\t\t\t\t\t\t\t\t\t\t\t\t\t\t<\/div>\n\t\t\t\t<div class=\"elementor-element elementor-element-c36a6ce flex-horizontal-align-default flex-horizontal-align-tablet-default flex-horizontal-align-mobile-default flex-vertical-align-default flex-vertical-align-tablet-default flex-vertical-align-mobile-default elementor-invisible elementor-widget elementor-widget-heading\" data-id=\"c36a6ce\" data-element_type=\"widget\" data-settings=\"{&quot;_animation&quot;:&quot;fadeInUp&quot;}\" data-widget_type=\"heading.default\">\n\t\t\t\t\t<div class=\"title-h2 elementor-heading-title elementor-size-default\">AP SER\u0130S\u0130<\/div>\t\t\t\t<\/div>\n\t\t\t\t<div class=\"elementor-element elementor-element-23842e9 flex-horizontal-align-default flex-horizontal-align-tablet-default flex-horizontal-align-mobile-default flex-vertical-align-default flex-vertical-align-tablet-default flex-vertical-align-mobile-default elementor-invisible elementor-widget elementor-widget-text-editor\" data-id=\"23842e9\" data-element_type=\"widget\" data-settings=\"{&quot;_animation&quot;:&quot;fadeInUp&quot;}\" data-widget_type=\"text-editor.default\">\n\t\t\t\t\t\t\t\t\t\t\t\t<div class=\"elementor-text-editor elementor-clearfix\">\r\n\t\t\t\t\t\t<ul><li>Filo ve halka a\u00e7\u0131k alanlarda kullan\u0131m i\u00e7in ideal<\/li><li>Modern, ergonomik ve \u00f6zelle\u015ftirilebilir tasar\u0131m<\/li><li>5 in\u00e7 LCD ekran<\/li><li>\u0130\u00e7\/d\u0131\u015f mekan uygulamalar\u0131 i\u00e7in IP54 s\u0131n\u0131f\u0131<\/li><li>Uzaktan ba\u011flant\u0131 arac\u0131l\u0131\u011f\u0131yla ayg\u0131t yaz\u0131l\u0131m\u0131 g\u00fcncellemeleri<\/li><li>Arka ofis y\u00f6netimi i\u00e7in iste\u011fe ba\u011fl\u0131 kablolu\/kablosuz ba\u011flant\u0131<\/li><li>Kullan\u0131c\u0131 do\u011frulama ve y\u00f6netimi i\u00e7in RFID kart okuyucu<\/li><li>\u015earj aray\u00fcz\u00fc: IEC 62196-2 (Tip 2)<\/li><li>OCPP 1.6JSON<\/li><\/ul>\t\t\t\t\t\t\t<\/div>\r\n\t\t\t\t\t\t\t\t\t\t<\/div>\n\t\t\t\t\t<\/div>\n\t\t<\/div>\n\t\t\t\t\t<\/div><\/div>\r\n\t\t<\/main>\r\n\t\t\t\t<main class=\"elementor-section elementor-top-section elementor-element elementor-element-a1d15ab elementor-section-boxed elementor-section-height-default elementor-section-height-default\" data-id=\"a1d15ab\" data-element_type=\"section\">\r\n\t\t\t\t\t\t<div class=\"elementor-container elementor-column-gap-thegem\"><div class=\"elementor-row\">\r\n\t\t\t\t\t<div class=\"elementor-column elementor-col-100 elementor-top-column elementor-element elementor-element-eb45340\" data-id=\"eb45340\" data-element_type=\"column\">\n\t\t\t<div class=\"elementor-widget-wrap elementor-element-populated\">\n\t\t\t\t\t\t<div class=\"elementor-element elementor-element-4d9dd20 flex-horizontal-align-default flex-horizontal-align-tablet-default flex-horizontal-align-mobile-default flex-vertical-align-default flex-vertical-align-tablet-default flex-vertical-align-mobile-default elementor-invisible elementor-widget elementor-widget-image\" data-id=\"4d9dd20\" data-element_type=\"widget\" data-settings=\"{&quot;_animation&quot;:&quot;fadeIn&quot;}\" data-widget_type=\"image.default\">\n\t\t\t\t\t\t\t\t\t\t\t\t\t\t\t<img width=\"312\" height=\"900\" src=\"https:\/\/www.zngenerji.com\/wp-content\/uploads\/2025\/12\/WAT-MOBILITE-AX-SERISI.png\" class=\"attachment-full size-full wp-image-3063\" alt=\"\" srcset=\"https:\/\/www.zngenerji.com\/wp-content\/uploads\/2025\/12\/WAT-MOBILITE-AX-SERISI.png 312w, https:\/\/www.zngenerji.com\/wp-content\/uploads\/2025\/12\/WAT-MOBILITE-AX-SERISI-104x300.png 104w\" sizes=\"(max-width: 312px) 100vw, 312px\" \/>\t\t\t\t\t\t\t\t\t\t\t\t\t\t\t<\/div>\n\t\t\t\t<div class=\"elementor-element elementor-element-7d61a1b flex-horizontal-align-default flex-horizontal-align-tablet-default flex-horizontal-align-mobile-default flex-vertical-align-default flex-vertical-align-tablet-default flex-vertical-align-mobile-default elementor-invisible elementor-widget elementor-widget-heading\" data-id=\"7d61a1b\" data-element_type=\"widget\" data-settings=\"{&quot;_animation&quot;:&quot;fadeInUp&quot;}\" data-widget_type=\"heading.default\">\n\t\t\t\t\t<div class=\"title-h2 elementor-heading-title elementor-size-default\">AX SER\u0130S\u0130<\/div>\t\t\t\t<\/div>\n\t\t\t\t<div class=\"elementor-element elementor-element-40bc64e flex-horizontal-align-default flex-horizontal-align-tablet-default flex-horizontal-align-mobile-default flex-vertical-align-default flex-vertical-align-tablet-default flex-vertical-align-mobile-default elementor-invisible elementor-widget elementor-widget-text-editor\" data-id=\"40bc64e\" data-element_type=\"widget\" data-settings=\"{&quot;_animation&quot;:&quot;fadeInUp&quot;}\" data-widget_type=\"text-editor.default\">\n\t\t\t\t\t\t\t\t\t\t\t\t<div class=\"elementor-text-editor elementor-clearfix\">\r\n\t\t\t\t\t\t<ul><li>Bireysel, filo ve halka a\u00e7\u0131k alanlarda kullan\u0131m i\u00e7in ideal<\/li><li>Merkezi Y\u00f6netim Sistemi i\u00e7in iste\u011fe ba\u011fl\u0131 kablolu\/kablosuz ba\u011flant\u0131<\/li><li>Kullan\u0131c\u0131 do\u011frulama i\u00e7in RFID kart ve QR kodu destekler<\/li><li>Giri\u015f: 200Vac~240Vac<\/li><li>Modern, ergonomik ve \u00f6zelle\u015ftirilebilir tasar\u0131m<\/li><li>\u0130ste\u011fe ba\u011fl\u0131 5 in\u00e7 LCD ekran<\/li><li>\u0130\u00e7\/D\u0131\u015f ortamlara uygun IP56 koruma seviyesi<\/li><li>OTA yaz\u0131l\u0131m g\u00fcncelleme deste\u011fi.<\/li><li>\u015earj aray\u00fcz\u00fc: IEC 62196-2 [Tip-2]<\/li><li>OCPP 1.6 Json destekli (2.0 s\u00fcr\u00fcm\u00fcne y\u00fckseltilebilir)<\/li><li>ISO 15118 destekli<\/li><li>Y\u00fck y\u00f6netimini destekleyerek elektrik altyap\u0131n\u0131za uygun \u00e7\u00f6z\u00fcmler sunar.<\/li><\/ul>\t\t\t\t\t\t\t<\/div>\r\n\t\t\t\t\t\t\t\t\t\t<\/div>\n\t\t\t\t\t<\/div>\n\t\t<\/div>\n\t\t\t\t\t<\/div><\/div>\r\n\t\t<\/main>\r\n\t\t\t\t<\/div>\n\t\t","protected":false},"excerpt":{"rendered":"<p>AW SER\u0130S\u0130 Bireysel ve filo kullan\u0131mlar\u0131 i\u00e7in ideal Merkezi Y\u00f6netim&#8230;<\/p>\n","protected":false},"author":1,"featured_media":0,"parent":0,"menu_order":0,"comment_status":"closed","ping_status":"closed","template":"","meta":{"footnotes":""},"class_list":["post-3059","page","type-page","status-publish"],"_links":{"self":[{"href":"https:\/\/www.zngenerji.com\/index.php?rest_route=\/wp\/v2\/pages\/3059","targetHints":{"allow":["GET"]}}],"collection":[{"href":"https:\/\/www.zngenerji.com\/index.php?rest_route=\/wp\/v2\/pages"}],"about":[{"href":"https:\/\/www.zngenerji.com\/index.php?rest_route=\/wp\/v2\/types\/page"}],"author":[{"embeddable":true,"href":"https:\/\/www.zngenerji.com\/index.php?rest_route=\/wp\/v2\/users\/1"}],"replies":[{"embeddable":true,"href":"https:\/\/www.zngenerji.com\/index.php?rest_route=%2Fwp%2Fv2%2Fcomments&post=3059"}],"version-history":[{"count":5,"href":"https:\/\/www.zngenerji.com\/index.php?rest_route=\/wp\/v2\/pages\/3059\/revisions"}],"predecessor-version":[{"id":3069,"href":"https:\/\/www.zngenerji.com\/index.php?rest_route=\/wp\/v2\/pages\/3059\/revisions\/3069"}],"wp:attachment":[{"href":"https:\/\/www.zngenerji.com\/index.php?rest_route=%2Fwp%2Fv2%2Fmedia&parent=3059"}],"curies":[{"name":"wp","href":"https:\/\/api.w.org\/{rel}","templated":true}]}}