{"id":3087,"date":"2025-12-22T15:23:38","date_gmt":"2025-12-22T12:23:38","guid":{"rendered":"https:\/\/www.zngenerji.com\/?page_id=3087"},"modified":"2025-12-22T15:29:26","modified_gmt":"2025-12-22T12:29:26","slug":"ats-dagitim-transformatorleri","status":"publish","type":"page","link":"https:\/\/www.zngenerji.com\/?page_id=3087","title":{"rendered":"ATS DA\u011eITIM TRANSFORMAT\u00d6RLER\u0130"},"content":{"rendered":"\t\t<div data-elementor-type=\"wp-page\" data-elementor-id=\"3087\" class=\"elementor elementor-3087\">\n\t\t\t\t\t\t<main class=\"elementor-section elementor-top-section elementor-element elementor-element-68dabcaf elementor-section-boxed elementor-section-height-default elementor-section-height-default\" data-id=\"68dabcaf\" data-element_type=\"section\">\r\n\t\t\t\t\t\t<div class=\"elementor-container elementor-column-gap-thegem\"><div class=\"elementor-row\">\r\n\t\t\t\t\t<div class=\"elementor-column elementor-col-100 elementor-top-column elementor-element elementor-element-590b7b41\" data-id=\"590b7b41\" data-element_type=\"column\">\n\t\t\t<div class=\"elementor-widget-wrap elementor-element-populated\">\n\t\t\t\t\t\t<div class=\"elementor-element elementor-element-191114df flex-horizontal-align-default flex-horizontal-align-tablet-default flex-horizontal-align-mobile-default flex-vertical-align-default flex-vertical-align-tablet-default flex-vertical-align-mobile-default elementor-invisible elementor-widget elementor-widget-image\" data-id=\"191114df\" data-element_type=\"widget\" data-settings=\"{&quot;_animation&quot;:&quot;fadeIn&quot;}\" data-widget_type=\"image.default\">\n\t\t\t\t\t\t\t\t\t\t\t\t\t\t\t<img width=\"683\" height=\"683\" src=\"https:\/\/www.zngenerji.com\/wp-content\/uploads\/2025\/12\/ATS-KURU-TIP-DAGITIM-TRANSFORMATORLERI.png\" class=\"attachment-full size-full wp-image-3090\" alt=\"\" srcset=\"https:\/\/www.zngenerji.com\/wp-content\/uploads\/2025\/12\/ATS-KURU-TIP-DAGITIM-TRANSFORMATORLERI.png 683w, https:\/\/www.zngenerji.com\/wp-content\/uploads\/2025\/12\/ATS-KURU-TIP-DAGITIM-TRANSFORMATORLERI-300x300.png 300w, https:\/\/www.zngenerji.com\/wp-content\/uploads\/2025\/12\/ATS-KURU-TIP-DAGITIM-TRANSFORMATORLERI-150x150.png 150w, https:\/\/www.zngenerji.com\/wp-content\/uploads\/2025\/12\/ATS-KURU-TIP-DAGITIM-TRANSFORMATORLERI-256x256.png 256w\" sizes=\"(max-width: 683px) 100vw, 683px\" \/>\t\t\t\t\t\t\t\t\t\t\t\t\t\t\t<\/div>\n\t\t\t\t<div class=\"elementor-element elementor-element-65895191 flex-horizontal-align-default flex-horizontal-align-tablet-default flex-horizontal-align-mobile-default flex-vertical-align-default flex-vertical-align-tablet-default flex-vertical-align-mobile-default elementor-invisible elementor-widget elementor-widget-heading\" data-id=\"65895191\" data-element_type=\"widget\" data-settings=\"{&quot;_animation&quot;:&quot;fadeInUp&quot;}\" data-widget_type=\"heading.default\">\n\t\t\t\t\t<div class=\"title-h2 elementor-heading-title elementor-size-default\">KURU T\u0130P DA\u011eITIM TRANSFORMAT\u00d6RLER\u0130<\/div>\t\t\t\t<\/div>\n\t\t\t\t<div class=\"elementor-element elementor-element-2dd2f5c0 flex-horizontal-align-default flex-horizontal-align-tablet-default flex-horizontal-align-mobile-default flex-vertical-align-default flex-vertical-align-tablet-default flex-vertical-align-mobile-default elementor-invisible elementor-widget elementor-widget-text-editor\" data-id=\"2dd2f5c0\" data-element_type=\"widget\" data-settings=\"{&quot;_animation&quot;:&quot;fadeInUp&quot;}\" data-widget_type=\"text-editor.default\">\n\t\t\t\t\t\t\t\t\t\t\t\t<div class=\"elementor-text-editor elementor-clearfix\">\r\n\t\t\t\t\t\t<p>So\u011futma y\u00f6ntemine g\u00f6re ya\u011fl\u0131 tip transformat\u00f6rlere g\u00f6re farkl\u0131l\u0131k g\u00f6stermektedir. YG sarg\u0131lar\u0131, epoksi d\u00f6kme re\u00e7ine ile vakum alt\u0131nda kaplanan transformat\u00f6rlerdir. AG sarg\u0131lar\u0131, hem d\u00f6kme re\u00e7ine hem de re\u00e7ine emdirilmi\u015f prepreg y\u00f6ntemi ile imal edilebilen transformat\u00f6rlerdir.<\/p><p>25-25000 kVA g\u00fc\u00e7 aral\u0131\u011f\u0131nda, 36 kV gerilim seviyesine kadar, do\u011fal hava so\u011futmal\u0131 (AN) veya fan so\u011futmal\u0131 (AF) se\u00e7ene\u011fiyle \u00fcretilirler. So\u011futma fan\u0131 kullan\u0131larak % 40\u2019a varan g\u00fc\u00e7 art\u0131\u015f\u0131 sa\u011flanabilir.<\/p><p>\u0130leri teknoloji ve bilgi birikimi gerektiren Kuru tip transformat\u00f6r imalat\u0131 son y\u0131llarda artan m\u00fc\u015fteri talepleri ile g\u00fcn ge\u00e7tik\u00e7e pazar pay\u0131n\u0131 ya\u011fl\u0131 tip transformat\u00f6rlere g\u00f6re artt\u0131rmaktad\u0131r. Bununla birlikte g\u00fcn\u00fcm\u00fcz teknolojisinde \u00f6zellikle 36 kV gerilim seviyesi \u00fczerinde b\u00fcy\u00fck g\u00fc\u00e7l\u00fc kuru tip transformat\u00f6r \u00fcretimi teknolojik zorluklar i\u00e7ermektedir. Bu konuda ara\u015ft\u0131rma ve geli\u015ftirme \u00e7al\u0131\u015fmalar\u0131 t\u00fcm h\u0131z\u0131yla devam etmektedir. Ya\u011f gibi \u00e7evreye zararl\u0131 bir so\u011futma s\u0131v\u0131s\u0131n\u0131n olmamas\u0131, yang\u0131n riskinin daha az olmas\u0131, bak\u0131m gerektirmemesi, rutubet ve neme kar\u015f\u0131 dayan\u0131kl\u0131 olmas\u0131, uzun s\u00fcre i\u015fletmede olmamas\u0131na ra\u011fmen her an sorunsuz devreye al\u0131nabilme \u00f6zelli\u011fi ve fan so\u011futma takviyesi ile nominal g\u00fcc\u00fcn %40\u2019\u0131na kadar fazla y\u00fcklenebilmesi gibi nedenlerle ya\u011fl\u0131 tip da\u011f\u0131t\u0131m transformat\u00f6rlerine g\u00f6re daha fazla tercih edilmektedir. Bununla birlikte g\u00fcn\u00fcm\u00fczde ayn\u0131 g\u00fc\u00e7te bir ya\u011fl\u0131 tip transformat\u00f6re g\u00f6re sat\u0131\u015f fiyat\u0131n\u0131n daha y\u00fcksek olmas\u0131 en \u00f6nemli olumsuz yan\u0131 olan kuru tip da\u011f\u0131t\u0131m transformat\u00f6rleri, son y\u0131llarda sat\u0131\u015f pay\u0131n\u0131 s\u00fcrekli artt\u0131rmaktad\u0131r.<\/p>\t\t\t\t\t\t\t<\/div>\r\n\t\t\t\t\t\t\t\t\t\t<\/div>\n\t\t\t\t\t<\/div>\n\t\t<\/div>\n\t\t\t\t\t<\/div><\/div>\r\n\t\t<\/main>\r\n\t\t\t\t<section class=\"elementor-section elementor-top-section elementor-element elementor-element-1737c8fe elementor-section-boxed elementor-section-height-default elementor-section-height-default\" data-id=\"1737c8fe\" data-element_type=\"section\">\r\n\t\t\t\t\t\t<div class=\"elementor-container elementor-column-gap-thegem\"><div class=\"elementor-row\">\r\n\t\t\t\t\t<div class=\"elementor-column elementor-col-100 elementor-top-column elementor-element elementor-element-33ff7e95\" data-id=\"33ff7e95\" data-element_type=\"column\">\n\t\t\t<div class=\"elementor-widget-wrap elementor-element-populated\">\n\t\t\t\t\t\t<div class=\"elementor-element elementor-element-13b37f65 flex-horizontal-align-default flex-horizontal-align-tablet-default flex-horizontal-align-mobile-default flex-vertical-align-default flex-vertical-align-tablet-default flex-vertical-align-mobile-default elementor-invisible elementor-widget elementor-widget-heading\" data-id=\"13b37f65\" data-element_type=\"widget\" data-settings=\"{&quot;_animation&quot;:&quot;fadeInUp&quot;}\" data-widget_type=\"heading.default\">\n\t\t\t\t\t<div class=\"title-h2 elementor-heading-title elementor-size-default\">\u00dcR\u00dcNLER<\/div>\t\t\t\t<\/div>\n\t\t\t\t<div class=\"elementor-element elementor-element-6bf527db flex-horizontal-align-default flex-horizontal-align-tablet-default flex-horizontal-align-mobile-default flex-vertical-align-default flex-vertical-align-tablet-default flex-vertical-align-mobile-default elementor-widget elementor-widget-thegem-accordion\" data-id=\"6bf527db\" data-element_type=\"widget\" data-settings=\"{&quot;thegem_elementor_preset&quot;:&quot;simple_solid&quot;,&quot;title_position&quot;:&quot;left&quot;}\" data-widget_type=\"thegem-accordion.default\">\n\t\t\t\t<div class=\"elementor-widget-container\">\n\t\t\t\t\t\n\t\t<div class=\"gem-tta-container\" data-vc-action=\"collapse\">\n\t\t\t<div class=\"gem-tta-general gem-tta gem-tta-accordion gem-tta-color-thegem gem-tta-style-simple_solid gem-tta-shape-rounded gem-tta-o-shape-group gem-tta-controls-align-left\">\n\t\t\t\t<div class=\"gem-tta-panels-container\">\n\t\t\t\t\t<div class=\"gem-tta-panels\">\n\t\t\t\t\t\t\n\t\t\t\t\t\t\t<div id=\"section-6bf527db-1\" class=\"gem-tta-panel gem-tta-active\" data-vc-content=\".gem-tta-panel-body\">\n\t\t\t\t\t\t\t\t<div class=\"gem-tta-panel-heading\">\n\t\t\t\t\t\t\t\t\t<h4 class=\"gem-tta-panel-title gem-tta-controls-icon-position-left\">\n\t\t\t\t\t\t\t\t\t\t<a href=\"#section-6bf527db-1\" data-vc-accordion data-vc-container=\".gem-tta-container\">\n\n\t\t\t\t\t\t\t\t\t\t\t\n\t\t\t\t\t\t\t\t\t\t\t<span class=\"gem-tta-title-text\">\n\t\t\t\t\t\t\t\t\t\t\t\tMLZ 099.31.B \u015eartnamesine Uygun \u00dcr\u00fcnler\t\t\t\t\t\t\t\t\t\t\t<\/span>\n\n\t\t\t\t\t\t\t\t\t\t\t\n\t\t\t\t\t\t\t\t\t\t\t<span class=\"gem-tta-controls-icon gem-tta-controls-icon-opened\">\n\t\t\t\t\t\t\t\t\t\t\t\t<i aria-hidden=\"true\" class=\"gem-mdi mdi-minus-box\"><\/i>\t\t\t\t\t\t\t\t\t\t\t<\/span>\n\t\t\t\t\t\t\t\t\t\t\t<span class=\"gem-tta-controls-icon gem-tta-controls-icon-closed\">\n\t\t\t\t\t\t\t\t\t\t\t\t<i aria-hidden=\"true\" class=\"gem-mdi mdi-plus-box\"><\/i>\t\t\t\t\t\t\t\t\t\t\t<\/span>\n\t\t\t\t\t\t\t\t\t\t<\/a>\n\t\t\t\t\t\t\t\t\t<\/h4>\n\t\t\t\t\t\t\t\t<\/div>\n\t\t\t\t\t\t\t\t<div class=\"gem-tta-panel-body\">\n\t\t\t\t\t\t\t\t\t\t\t<div class=\"gem-text-output\"><p>33 kV Gerilim de\u011ferine sahip \u00fcr\u00fcnler<br \/>\u00a015.8 kV Gerilim de\u011ferine sahip \u00fcr\u00fcnler<br \/>\u00a010.5 kV Gerilim de\u011ferine sahip \u00fcr\u00fcnler<br \/>\u00a06.3 kV Gerilim de\u011ferine sahip \u00fcr\u00fcnler<\/p><\/div>\t\t\t\t\t\t\t\t\t\t<\/div>\n\t\t\t\t\t\t\t\t\t<\/div>\n\t\t\t\t\t\t\n\t\t\t\t\t\t\t<div id=\"section-6bf527db-2\" class=\"gem-tta-panel \" data-vc-content=\".gem-tta-panel-body\">\n\t\t\t\t\t\t\t\t<div class=\"gem-tta-panel-heading\">\n\t\t\t\t\t\t\t\t\t<h4 class=\"gem-tta-panel-title gem-tta-controls-icon-position-left\">\n\t\t\t\t\t\t\t\t\t\t<a href=\"#section-6bf527db-2\" data-vc-accordion data-vc-container=\".gem-tta-container\">\n\n\t\t\t\t\t\t\t\t\t\t\t\n\t\t\t\t\t\t\t\t\t\t\t<span class=\"gem-tta-title-text\">\n\t\t\t\t\t\t\t\t\t\t\t\tIEC Standartlar\u0131na Uygun \u00dcr\u00fcnler\t\t\t\t\t\t\t\t\t\t\t<\/span>\n\n\t\t\t\t\t\t\t\t\t\t\t\n\t\t\t\t\t\t\t\t\t\t\t<span class=\"gem-tta-controls-icon gem-tta-controls-icon-opened\">\n\t\t\t\t\t\t\t\t\t\t\t\t<i aria-hidden=\"true\" class=\"gem-mdi mdi-minus-box\"><\/i>\t\t\t\t\t\t\t\t\t\t\t<\/span>\n\t\t\t\t\t\t\t\t\t\t\t<span class=\"gem-tta-controls-icon gem-tta-controls-icon-closed\">\n\t\t\t\t\t\t\t\t\t\t\t\t<i aria-hidden=\"true\" class=\"gem-mdi mdi-plus-box\"><\/i>\t\t\t\t\t\t\t\t\t\t\t<\/span>\n\t\t\t\t\t\t\t\t\t\t<\/a>\n\t\t\t\t\t\t\t\t\t<\/h4>\n\t\t\t\t\t\t\t\t<\/div>\n\t\t\t\t\t\t\t\t<div class=\"gem-tta-panel-body\">\n\t\t\t\t\t\t\t\t\t\t\t<div class=\"gem-text-output\"><p>33 kV Gerilim de\u011ferine sahip \u00fcr\u00fcnler<br \/>\u00a022 kV Gerilim de\u011ferine sahip \u00fcr\u00fcnler<br \/>\u00a015 kV Gerilim de\u011ferine sahip \u00fcr\u00fcnler<br \/>\u00a011 kV Gerilim de\u011ferine sahip \u00fcr\u00fcnler<br \/>\u00a06.3 kV Gerilim de\u011ferine sahip \u00fcr\u00fcnler<\/p><\/div>\t\t\t\t\t\t\t\t\t\t<\/div>\n\t\t\t\t\t\t\t\t\t<\/div>\n\t\t\t\t\t\t\n\t\t\t\t\t\t\t<div id=\"section-6bf527db-3\" class=\"gem-tta-panel \" data-vc-content=\".gem-tta-panel-body\">\n\t\t\t\t\t\t\t\t<div class=\"gem-tta-panel-heading\">\n\t\t\t\t\t\t\t\t\t<h4 class=\"gem-tta-panel-title gem-tta-controls-icon-position-left\">\n\t\t\t\t\t\t\t\t\t\t<a href=\"#section-6bf527db-3\" data-vc-accordion data-vc-container=\".gem-tta-container\">\n\n\t\t\t\t\t\t\t\t\t\t\t\n\t\t\t\t\t\t\t\t\t\t\t<span class=\"gem-tta-title-text\">\n\t\t\t\t\t\t\t\t\t\t\t\tEN 50588-1 Standartlar\u0131na Uygun (EU548_2014) \u00dcr\u00fcnler\t\t\t\t\t\t\t\t\t\t\t<\/span>\n\n\t\t\t\t\t\t\t\t\t\t\t\n\t\t\t\t\t\t\t\t\t\t\t<span class=\"gem-tta-controls-icon gem-tta-controls-icon-opened\">\n\t\t\t\t\t\t\t\t\t\t\t\t<i aria-hidden=\"true\" class=\"gem-mdi mdi-minus-box\"><\/i>\t\t\t\t\t\t\t\t\t\t\t<\/span>\n\t\t\t\t\t\t\t\t\t\t\t<span class=\"gem-tta-controls-icon gem-tta-controls-icon-closed\">\n\t\t\t\t\t\t\t\t\t\t\t\t<i aria-hidden=\"true\" class=\"gem-mdi mdi-plus-box\"><\/i>\t\t\t\t\t\t\t\t\t\t\t<\/span>\n\t\t\t\t\t\t\t\t\t\t<\/a>\n\t\t\t\t\t\t\t\t\t<\/h4>\n\t\t\t\t\t\t\t\t<\/div>\n\t\t\t\t\t\t\t\t<div class=\"gem-tta-panel-body\">\n\t\t\t\t\t\t\t\t\t\t\t<div class=\"gem-text-output\"><p>20 kV Gerilim de\u011ferine sahip \u00fcr\u00fcnler<br \/>\u00a010 kV Gerilim de\u011ferine sahip \u00fcr\u00fcnler<\/p><\/div>\t\t\t\t\t\t\t\t\t\t<\/div>\n\t\t\t\t\t\t\t\t\t<\/div>\n\t\t\t\t\t\t\n\t\t\t\t\t\t\t\t\t\t\t<\/div>\n\t\t\t\t<\/div>\n\t\t\t<\/div>\n\t\t<\/div>\n\n\t\t\t\t\t\t<\/div>\n\t\t\t\t<\/div>\n\t\t\t\t\t<\/div>\n\t\t<\/div>\n\t\t\t\t\t<\/div><\/div>\r\n\t\t<\/section>\r\n\t\t\t\t<main class=\"elementor-section elementor-top-section elementor-element elementor-element-dc29631 elementor-section-boxed elementor-section-height-default elementor-section-height-default\" data-id=\"dc29631\" data-element_type=\"section\">\r\n\t\t\t\t\t\t<div class=\"elementor-container elementor-column-gap-thegem\"><div class=\"elementor-row\">\r\n\t\t\t\t\t<div class=\"elementor-column elementor-col-100 elementor-top-column elementor-element elementor-element-9d8d06c\" data-id=\"9d8d06c\" data-element_type=\"column\">\n\t\t\t<div class=\"elementor-widget-wrap elementor-element-populated\">\n\t\t\t\t\t\t<div class=\"elementor-element elementor-element-ecd2115 flex-horizontal-align-default flex-horizontal-align-tablet-default flex-horizontal-align-mobile-default flex-vertical-align-default flex-vertical-align-tablet-default flex-vertical-align-mobile-default elementor-invisible elementor-widget elementor-widget-image\" data-id=\"ecd2115\" data-element_type=\"widget\" data-settings=\"{&quot;_animation&quot;:&quot;fadeIn&quot;}\" data-widget_type=\"image.default\">\n\t\t\t\t\t\t\t\t\t\t\t\t\t\t\t<img width=\"683\" height=\"683\" src=\"https:\/\/www.zngenerji.com\/wp-content\/uploads\/2025\/12\/ATS-YAGLI-TIP-DAGITIM-TRANSFORMATORLERI.jpg\" class=\"attachment-full size-full wp-image-3091\" alt=\"\" srcset=\"https:\/\/www.zngenerji.com\/wp-content\/uploads\/2025\/12\/ATS-YAGLI-TIP-DAGITIM-TRANSFORMATORLERI.jpg 683w, https:\/\/www.zngenerji.com\/wp-content\/uploads\/2025\/12\/ATS-YAGLI-TIP-DAGITIM-TRANSFORMATORLERI-300x300.jpg 300w, https:\/\/www.zngenerji.com\/wp-content\/uploads\/2025\/12\/ATS-YAGLI-TIP-DAGITIM-TRANSFORMATORLERI-150x150.jpg 150w, https:\/\/www.zngenerji.com\/wp-content\/uploads\/2025\/12\/ATS-YAGLI-TIP-DAGITIM-TRANSFORMATORLERI-256x256.jpg 256w\" sizes=\"(max-width: 683px) 100vw, 683px\" \/>\t\t\t\t\t\t\t\t\t\t\t\t\t\t\t<\/div>\n\t\t\t\t<div class=\"elementor-element elementor-element-1164fec flex-horizontal-align-default flex-horizontal-align-tablet-default flex-horizontal-align-mobile-default flex-vertical-align-default flex-vertical-align-tablet-default flex-vertical-align-mobile-default elementor-invisible elementor-widget elementor-widget-heading\" data-id=\"1164fec\" data-element_type=\"widget\" data-settings=\"{&quot;_animation&quot;:&quot;fadeInUp&quot;}\" data-widget_type=\"heading.default\">\n\t\t\t\t\t<div class=\"title-h2 elementor-heading-title elementor-size-default\">YA\u011eLI T\u0130P DA\u011eITIM TRANSFORMAT\u00d6RLER\u0130<\/div>\t\t\t\t<\/div>\n\t\t\t\t<div class=\"elementor-element elementor-element-dd425a4 flex-horizontal-align-default flex-horizontal-align-tablet-default flex-horizontal-align-mobile-default flex-vertical-align-default flex-vertical-align-tablet-default flex-vertical-align-mobile-default elementor-invisible elementor-widget elementor-widget-text-editor\" data-id=\"dd425a4\" data-element_type=\"widget\" data-settings=\"{&quot;_animation&quot;:&quot;fadeInUp&quot;}\" data-widget_type=\"text-editor.default\">\n\t\t\t\t\t\t\t\t\t\t\t\t<div class=\"elementor-text-editor elementor-clearfix\">\r\n\t\t\t\t\t\t<section class=\"about section-padding\"><div class=\"container\"><div class=\"row\"><div class=\"col-md-12 animate-box fadeInUp animated\" data-animate-effect=\"fadeInUp\"><p>Ya\u011fl\u0131 tip da\u011f\u0131t\u0131m transformat\u00f6rleri 36 kV gerilim seviyesine ve 5000 kVa g\u00fcc\u00fcne kadar giri\u015f ve \u00e7\u0131k\u0131\u015f gerilimlerini istenilen oranlarda de\u011fi\u015ftiren, i\u015fletme s\u0131ras\u0131nda olu\u015fan \u0131s\u0131n\u0131n transformat\u00f6r ya\u011f\u0131 ile at\u0131larak izin verilen \u00e7al\u0131\u015fma s\u0131cakl\u0131\u011f\u0131n\u0131 a\u015fmamas\u0131 i\u00e7in so\u011futman\u0131n transformat\u00f6r ya\u011f\u0131 ile sa\u011fland\u0131\u011f\u0131 transformat\u00f6rlerdir.<\/p><\/div><\/div><\/div><\/section><section class=\"bauen-blog2 section-padding2\"><div class=\"container\"><div id=\"hermetik\" class=\"row\"><div class=\"col-md-8 order2 valign animate-box fadeInLeft animated\" data-animate-effect=\"fadeInLeft\"><div><div class=\"cont\"><p>25 \u2013 5000 kVA g\u00fc\u00e7 aral\u0131\u011f\u0131nda, 36 kV y\u00fcksek gerilim seviyesine kadar, \u00fc\u00e7 veya tek fazl\u0131, ya\u011fl\u0131, tabi so\u011futmal\u0131 (ONAN), bo\u015fta kademe de\u011fi\u015ftiricili veya y\u00fck alt\u0131nda otomatik kademe de\u011fi\u015ftiricili, hem hari\u00e7te hem de dahilde kullan\u0131labilecek \u015fekilde \u00fcretilmektedirler. Hermetik ya\u011fl\u0131 tip da\u011f\u0131t\u0131m transformat\u00f6rleri, vakum alt\u0131nda ya\u011f dolumu yap\u0131larak ya\u011f bas\u0131nc\u0131 ve atmosfer bas\u0131nc\u0131n\u0131n istenen s\u0131cakl\u0131kta dengelenmesi ile so\u011futma ya\u011f\u0131n\u0131n atmosferle temas etmemesi prensipleri ile imal edilir.<\/p><p>Hermetik ya\u011fl\u0131 tip da\u011f\u0131t\u0131m transformat\u00f6rlerinde \u0131s\u0131l de\u011fi\u015fimler nedeniyle de\u011fi\u015fen ya\u011f bas\u0131nc\u0131 sonucu i\u00e7 \u0131s\u0131, kazan dalga duvarlar\u0131n\u0131n do\u011fal yollarla genle\u015fip b\u00fcz\u00fclmesiyle kontrol alt\u0131na al\u0131n\u0131r. Bu etkilere dayanabilecek \u015fekilde mekanik tasar\u0131m\u0131 ve imalat\u0131 yap\u0131l\u0131r.<\/p><p>Hermetik ya\u011fl\u0131 tip da\u011f\u0131t\u0131m transformat\u00f6rleri genle\u015fme depolu transformat\u00f6rlere oranla y\u00fckseklikleri daha d\u00fc\u015f\u00fckt\u00fcr. Bu nedenle de daha k\u00fc\u00e7\u00fck alanlarda kullan\u0131labilir. Hermetik transformat\u00f6rlerde ya\u011f atmosferle temas etmedi\u011fi i\u00e7in genle\u015fme depolu transformat\u00f6rlerde oldu\u011fu gibi belirli periyotlarda ya\u011f de\u011fi\u015fimi gerektirmez.<\/p><\/div><\/div><\/div><\/div><\/div><\/section>\t\t\t\t\t\t\t<\/div>\r\n\t\t\t\t\t\t\t\t\t\t<\/div>\n\t\t\t\t\t<\/div>\n\t\t<\/div>\n\t\t\t\t\t<\/div><\/div>\r\n\t\t<\/main>\r\n\t\t\t\t<main class=\"elementor-section elementor-top-section elementor-element elementor-element-46a506f elementor-section-boxed elementor-section-height-default elementor-section-height-default\" data-id=\"46a506f\" data-element_type=\"section\">\r\n\t\t\t\t\t\t<div class=\"elementor-container elementor-column-gap-thegem\"><div class=\"elementor-row\">\r\n\t\t\t\t\t<div class=\"elementor-column elementor-col-100 elementor-top-column elementor-element elementor-element-fe1721a\" data-id=\"fe1721a\" data-element_type=\"column\">\n\t\t\t<div class=\"elementor-widget-wrap elementor-element-populated\">\n\t\t\t\t\t\t<div class=\"elementor-element elementor-element-2850352 flex-horizontal-align-default flex-horizontal-align-tablet-default flex-horizontal-align-mobile-default flex-vertical-align-default flex-vertical-align-tablet-default flex-vertical-align-mobile-default elementor-invisible elementor-widget elementor-widget-image\" data-id=\"2850352\" data-element_type=\"widget\" data-settings=\"{&quot;_animation&quot;:&quot;fadeIn&quot;}\" data-widget_type=\"image.default\">\n\t\t\t\t\t\t\t\t\t\t\t\t\t\t\t<img width=\"683\" height=\"683\" src=\"https:\/\/www.zngenerji.com\/wp-content\/uploads\/2025\/12\/ATS-GENLESME-DEPOLU-TRANSFORMATORLER.jpg\" class=\"attachment-full size-full wp-image-3092\" alt=\"\" srcset=\"https:\/\/www.zngenerji.com\/wp-content\/uploads\/2025\/12\/ATS-GENLESME-DEPOLU-TRANSFORMATORLER.jpg 683w, https:\/\/www.zngenerji.com\/wp-content\/uploads\/2025\/12\/ATS-GENLESME-DEPOLU-TRANSFORMATORLER-300x300.jpg 300w, https:\/\/www.zngenerji.com\/wp-content\/uploads\/2025\/12\/ATS-GENLESME-DEPOLU-TRANSFORMATORLER-150x150.jpg 150w, https:\/\/www.zngenerji.com\/wp-content\/uploads\/2025\/12\/ATS-GENLESME-DEPOLU-TRANSFORMATORLER-256x256.jpg 256w\" sizes=\"(max-width: 683px) 100vw, 683px\" \/>\t\t\t\t\t\t\t\t\t\t\t\t\t\t\t<\/div>\n\t\t\t\t<div class=\"elementor-element elementor-element-8a6308b flex-horizontal-align-default flex-horizontal-align-tablet-default flex-horizontal-align-mobile-default flex-vertical-align-default flex-vertical-align-tablet-default flex-vertical-align-mobile-default elementor-invisible elementor-widget elementor-widget-heading\" data-id=\"8a6308b\" data-element_type=\"widget\" data-settings=\"{&quot;_animation&quot;:&quot;fadeInUp&quot;}\" data-widget_type=\"heading.default\">\n\t\t\t\t\t<div class=\"title-h2 elementor-heading-title elementor-size-default\">GENLE\u015eME DEPOLU TRANSFORMAT\u00d6RLER<\/div>\t\t\t\t<\/div>\n\t\t\t\t<div class=\"elementor-element elementor-element-ac831c1 flex-horizontal-align-default flex-horizontal-align-tablet-default flex-horizontal-align-mobile-default flex-vertical-align-default flex-vertical-align-tablet-default flex-vertical-align-mobile-default elementor-invisible elementor-widget elementor-widget-text-editor\" data-id=\"ac831c1\" data-element_type=\"widget\" data-settings=\"{&quot;_animation&quot;:&quot;fadeInUp&quot;}\" data-widget_type=\"text-editor.default\">\n\t\t\t\t\t\t\t\t\t\t\t\t<div class=\"elementor-text-editor elementor-clearfix\">\r\n\t\t\t\t\t\t<section class=\"about section-padding\"><div class=\"container\"><div class=\"row\"><div class=\"col-md-12 animate-box fadeInUp animated\" data-animate-effect=\"fadeInUp\"><p>Genle\u015fme depolu transformat\u00f6rler \u00e7ekirdek ve bobin yap\u0131s\u0131yla hermetik transformat\u00f6rlerle ayn\u0131d\u0131r. Bu tip transformat\u00f6rlerin genle\u015fme depolar\u0131n\u0131n boyutlar\u0131, s\u0131cakl\u0131kla hacmi artan ya\u011f\u0131n genle\u015fmesini depolayacak \u015fekilde hesaplamalar sonucunda tasar\u0131m\u0131 ve imalat\u0131 yap\u0131l\u0131r. Genle\u015fme depolu transformat\u00f6rler atmosfere a\u00e7\u0131k oldu\u011fu i\u00e7in termik etkiler nedeniyle de\u011fi\u015fen ya\u011f bas\u0131nc\u0131 , transformat\u00f6r\u00fcn deposunda bulunan slikajel (hava kurutucu) sayesinde havan\u0131n nemi al\u0131narak hava al\u0131\u015fveri\u015fi sa\u011flan\u0131r.<\/p><p>\u0130\u015fletmeye al\u0131nan genle\u015fme depolu transformat\u00f6r\u00fcn y\u00fcke ba\u011fl\u0131 olarak \u0131s\u0131 farkl\u0131l\u0131klar\u0131ndan kaynaklanan hava al\u0131\u015fveri\u015fi sonucunda zamanla slikajel \u00f6zelli\u011fini kaybeder ve ya\u011f\u0131n nemlenmesine, yap\u0131s\u0131n\u0131n bozulmas\u0131na yol a\u00e7ar. Bu nedenle belirli periyotlarda slikajel de\u011fi\u015ftirilmesi ve ya\u011fdan numune al\u0131narak delinme geriliminin \u00f6l\u00e7\u00fclmesi gibi bak\u0131mlar\u0131 yap\u0131lmas\u0131 gereklidir.<\/p><\/div><\/div><\/div><\/section>\t\t\t\t\t\t\t<\/div>\r\n\t\t\t\t\t\t\t\t\t\t<\/div>\n\t\t\t\t\t<\/div>\n\t\t<\/div>\n\t\t\t\t\t<\/div><\/div>\r\n\t\t<\/main>\r\n\t\t\t\t<\/div>\n\t\t","protected":false},"excerpt":{"rendered":"<p>KURU T\u0130P DA\u011eITIM TRANSFORMAT\u00d6RLER\u0130 So\u011futma y\u00f6ntemine g\u00f6re ya\u011fl\u0131 tip transformat\u00f6rlere&#8230;<\/p>\n","protected":false},"author":1,"featured_media":0,"parent":0,"menu_order":0,"comment_status":"closed","ping_status":"closed","template":"","meta":{"footnotes":""},"class_list":["post-3087","page","type-page","status-publish"],"_links":{"self":[{"href":"https:\/\/www.zngenerji.com\/index.php?rest_route=\/wp\/v2\/pages\/3087","targetHints":{"allow":["GET"]}}],"collection":[{"href":"https:\/\/www.zngenerji.com\/index.php?rest_route=\/wp\/v2\/pages"}],"about":[{"href":"https:\/\/www.zngenerji.com\/index.php?rest_route=\/wp\/v2\/types\/page"}],"author":[{"embeddable":true,"href":"https:\/\/www.zngenerji.com\/index.php?rest_route=\/wp\/v2\/users\/1"}],"replies":[{"embeddable":true,"href":"https:\/\/www.zngenerji.com\/index.php?rest_route=%2Fwp%2Fv2%2Fcomments&post=3087"}],"version-history":[{"count":4,"href":"https:\/\/www.zngenerji.com\/index.php?rest_route=\/wp\/v2\/pages\/3087\/revisions"}],"predecessor-version":[{"id":3095,"href":"https:\/\/www.zngenerji.com\/index.php?rest_route=\/wp\/v2\/pages\/3087\/revisions\/3095"}],"wp:attachment":[{"href":"https:\/\/www.zngenerji.com\/index.php?rest_route=%2Fwp%2Fv2%2Fmedia&parent=3087"}],"curies":[{"name":"wp","href":"https:\/\/api.w.org\/{rel}","templated":true}]}}