{"id":3115,"date":"2025-12-22T15:42:53","date_gmt":"2025-12-22T12:42:53","guid":{"rendered":"https:\/\/www.zngenerji.com\/?page_id=3115"},"modified":"2025-12-22T15:44:07","modified_gmt":"2025-12-22T12:44:07","slug":"efg-beton-kosk","status":"publish","type":"page","link":"https:\/\/www.zngenerji.com\/?page_id=3115","title":{"rendered":"EFG BETON K\u00d6\u015eK"},"content":{"rendered":"\t\t<div data-elementor-type=\"wp-page\" data-elementor-id=\"3115\" class=\"elementor elementor-3115\">\n\t\t\t\t\t\t<main class=\"elementor-section elementor-top-section elementor-element elementor-element-54081dff elementor-section-boxed elementor-section-height-default elementor-section-height-default\" data-id=\"54081dff\" data-element_type=\"section\">\r\n\t\t\t\t\t\t<div class=\"elementor-container elementor-column-gap-thegem\"><div class=\"elementor-row\">\r\n\t\t\t\t\t<div class=\"elementor-column elementor-col-100 elementor-top-column elementor-element elementor-element-4b1de848\" data-id=\"4b1de848\" data-element_type=\"column\">\n\t\t\t<div class=\"elementor-widget-wrap elementor-element-populated\">\n\t\t\t\t\t\t<div class=\"elementor-element elementor-element-105877c flex-horizontal-align-default flex-horizontal-align-tablet-default flex-horizontal-align-mobile-default flex-vertical-align-default flex-vertical-align-tablet-default flex-vertical-align-mobile-default elementor-invisible elementor-widget elementor-widget-image\" data-id=\"105877c\" data-element_type=\"widget\" data-settings=\"{&quot;_animation&quot;:&quot;fadeIn&quot;}\" data-widget_type=\"image.default\">\n\t\t\t\t\t\t\t\t\t\t\t\t\t\t\t<img width=\"770\" height=\"473\" src=\"https:\/\/www.zngenerji.com\/wp-content\/uploads\/2025\/12\/EFG-BETON-KOSK.jpg\" class=\"attachment-full size-full wp-image-3118\" alt=\"\" srcset=\"https:\/\/www.zngenerji.com\/wp-content\/uploads\/2025\/12\/EFG-BETON-KOSK.jpg 770w, https:\/\/www.zngenerji.com\/wp-content\/uploads\/2025\/12\/EFG-BETON-KOSK-300x184.jpg 300w, https:\/\/www.zngenerji.com\/wp-content\/uploads\/2025\/12\/EFG-BETON-KOSK-768x472.jpg 768w\" sizes=\"(max-width: 770px) 100vw, 770px\" \/>\t\t\t\t\t\t\t\t\t\t\t\t\t\t\t<\/div>\n\t\t\t\t<div class=\"elementor-element elementor-element-7f0a0812 flex-horizontal-align-default flex-horizontal-align-tablet-default flex-horizontal-align-mobile-default flex-vertical-align-default flex-vertical-align-tablet-default flex-vertical-align-mobile-default elementor-invisible elementor-widget elementor-widget-heading\" data-id=\"7f0a0812\" data-element_type=\"widget\" data-settings=\"{&quot;_animation&quot;:&quot;fadeInUp&quot;}\" data-widget_type=\"heading.default\">\n\t\t\t\t\t<div class=\"title-h2 elementor-heading-title elementor-size-default\">G\u00dc\u00c7 TRANSFORMAT\u00d6RLER\u0130<\/div>\t\t\t\t<\/div>\n\t\t\t\t<div class=\"elementor-element elementor-element-117610d9 flex-horizontal-align-default flex-horizontal-align-tablet-default flex-horizontal-align-mobile-default flex-vertical-align-default flex-vertical-align-tablet-default flex-vertical-align-mobile-default elementor-invisible elementor-widget elementor-widget-text-editor\" data-id=\"117610d9\" data-element_type=\"widget\" data-settings=\"{&quot;_animation&quot;:&quot;fadeInUp&quot;}\" data-widget_type=\"text-editor.default\">\n\t\t\t\t\t\t\t\t\t\t\t\t<div class=\"elementor-text-editor elementor-clearfix\">\r\n\t\t\t\t\t\t<p>EFG marka OG\/AG Beton Da\u011f\u0131t\u0131m ve Transformat\u00f6r Merkezleri, 36 kV\u2019a kadar olan sistem gerilimlerinde kullan\u0131lmak \u00fczere beton mahfazal\u0131, monoblok, kompakt tip \u00f6zelliklerinde TS EN 62271- 202 (IEC 62271-202) standard\u0131na ve TEDA\u015e MYD ilgili \u015fartnamesine g\u00f6re tasarlanm\u0131\u015ft\u0131r. Standard\u0131n gerektirdi\u011fi t\u00fcm tip deneyler, yurt i\u00e7i ve yurt d\u0131\u015f\u0131nda bulunan akredite laboratuvarlarda tamamlanm\u0131\u015ft\u0131r.<\/p><p>Monoblok Beton Trafo K\u00f6\u015fkleri, y\u00fcksek g\u00fcvenlikli yap\u0131lar\u0131yla depreme, zorlu iklim ve \u00e7evre \u015fartlar\u0131na dayan\u0131kl\u0131 olup, i\u00e7erisinde bulunan t\u00fcm orta gerilim da\u011f\u0131t\u0131m \u00fcr\u00fcnlerini kusursuz bir \u015fekilde korur. B\u00f6l\u00fcmlerde kendisine ait birbirinden ba\u011f\u0131ms\u0131z eri\u015fim kap\u0131lar\u0131 ve havaland\u0131rma panjurlar\u0131 bulunmaktad\u0131r. \u0130htiyaca g\u00f6re farkl\u0131 kap\u0131 ve havaland\u0131rma panjuru konfig\u00fcrasyonlar\u0131 yap\u0131labilir.\u00a0<\/p><p><strong>Kullan\u0131m Alanlar\u0131<\/strong><\/p><ul><li>Trafo Merkezleri<\/li><li>Orta Gerilim Da\u011f\u0131t\u0131m Sistemleri<\/li><li>Elektrik Santralleri (GES, RES vb. Santraller)<\/li><li>End\u00fcstriyel Tesisler<\/li><li>Kompanzasyon Tesisleri<\/li><li>Jenerat\u00f6r Kabinleri<\/li><li>Da\u011f\u0131t\u0131m Merkezleri<\/li><\/ul><p><strong>Avantajlar<\/strong><\/p><ul><li>Monoblok Yap\u0131s\u0131 Nedeniyle Ta\u015f\u0131ma Kolayl\u0131\u011f\u0131<\/li><li>H\u0131zl\u0131 ve Kolay Montaj<\/li><li>De\u011fi\u015fik Renk Se\u00e7enekleri<\/li><li>\u0130klimsel Ko\u015fullara Kar\u015f\u0131 Dayan\u0131kl\u0131<\/li><li>Uzun \u00d6m\u00fcrl\u00fc<\/li><li>Fabrika Ortam\u0131nda Yap\u0131lan Testler \u0130le Daha Fazla G\u00fcvenlik<\/li><li>\u00dcst\u00fcn \u0130\u015fletim Kolayl\u0131\u011f\u0131<\/li><li>Kompakt Dizayn<\/li><li>Farkl\u0131 Projeler \u0130\u00e7in Esnek \u00c7\u00f6z\u00fcm \u0130mkan\u0131<\/li><\/ul>\t\t\t\t\t\t\t<\/div>\r\n\t\t\t\t\t\t\t\t\t\t<\/div>\n\t\t\t\t\t<\/div>\n\t\t<\/div>\n\t\t\t\t\t<\/div><\/div>\r\n\t\t<\/main>\r\n\t\t\t\t<\/div>\n\t\t","protected":false},"excerpt":{"rendered":"<p>G\u00dc\u00c7 TRANSFORMAT\u00d6RLER\u0130 EFG marka OG\/AG Beton Da\u011f\u0131t\u0131m ve Transformat\u00f6r Merkezleri,&#8230;<\/p>\n","protected":false},"author":1,"featured_media":0,"parent":0,"menu_order":0,"comment_status":"closed","ping_status":"closed","template":"","meta":{"footnotes":""},"class_list":["post-3115","page","type-page","status-publish"],"_links":{"self":[{"href":"https:\/\/www.zngenerji.com\/index.php?rest_route=\/wp\/v2\/pages\/3115","targetHints":{"allow":["GET"]}}],"collection":[{"href":"https:\/\/www.zngenerji.com\/index.php?rest_route=\/wp\/v2\/pages"}],"about":[{"href":"https:\/\/www.zngenerji.com\/index.php?rest_route=\/wp\/v2\/types\/page"}],"author":[{"embeddable":true,"href":"https:\/\/www.zngenerji.com\/index.php?rest_route=\/wp\/v2\/users\/1"}],"replies":[{"embeddable":true,"href":"https:\/\/www.zngenerji.com\/index.php?rest_route=%2Fwp%2Fv2%2Fcomments&post=3115"}],"version-history":[{"count":4,"href":"https:\/\/www.zngenerji.com\/index.php?rest_route=\/wp\/v2\/pages\/3115\/revisions"}],"predecessor-version":[{"id":3121,"href":"https:\/\/www.zngenerji.com\/index.php?rest_route=\/wp\/v2\/pages\/3115\/revisions\/3121"}],"wp:attachment":[{"href":"https:\/\/www.zngenerji.com\/index.php?rest_route=%2Fwp%2Fv2%2Fmedia&parent=3115"}],"curies":[{"name":"wp","href":"https:\/\/api.w.org\/{rel}","templated":true}]}}