{"id":3122,"date":"2025-12-22T15:51:22","date_gmt":"2025-12-22T12:51:22","guid":{"rendered":"https:\/\/www.zngenerji.com\/?page_id=3122"},"modified":"2025-12-22T15:52:30","modified_gmt":"2025-12-22T12:52:30","slug":"efg-og-moduler-hucreler","status":"publish","type":"page","link":"https:\/\/www.zngenerji.com\/?page_id=3122","title":{"rendered":"EFG OG Mod\u00fcler H\u00fccreler"},"content":{"rendered":"\t\t<div data-elementor-type=\"wp-page\" data-elementor-id=\"3122\" class=\"elementor elementor-3122\">\n\t\t\t\t\t\t<main class=\"elementor-section elementor-top-section elementor-element elementor-element-74b3df89 elementor-section-boxed elementor-section-height-default elementor-section-height-default\" data-id=\"74b3df89\" data-element_type=\"section\">\r\n\t\t\t\t\t\t<div class=\"elementor-container elementor-column-gap-thegem\"><div class=\"elementor-row\">\r\n\t\t\t\t\t<div class=\"elementor-column elementor-col-100 elementor-top-column elementor-element elementor-element-53eae875\" data-id=\"53eae875\" data-element_type=\"column\">\n\t\t\t<div class=\"elementor-widget-wrap elementor-element-populated\">\n\t\t\t\t\t\t<div class=\"elementor-element elementor-element-2355e2ce flex-horizontal-align-default flex-horizontal-align-tablet-default flex-horizontal-align-mobile-default flex-vertical-align-default flex-vertical-align-tablet-default flex-vertical-align-mobile-default elementor-invisible elementor-widget elementor-widget-image\" data-id=\"2355e2ce\" data-element_type=\"widget\" data-settings=\"{&quot;_animation&quot;:&quot;fadeIn&quot;}\" data-widget_type=\"image.default\">\n\t\t\t\t\t\t\t\t\t\t\t\t\t\t\t<img width=\"770\" height=\"473\" src=\"https:\/\/www.zngenerji.com\/wp-content\/uploads\/2025\/12\/EFG-OG-Moduler-Hucreler.jpg\" class=\"attachment-full size-full wp-image-3125\" alt=\"\" srcset=\"https:\/\/www.zngenerji.com\/wp-content\/uploads\/2025\/12\/EFG-OG-Moduler-Hucreler.jpg 770w, https:\/\/www.zngenerji.com\/wp-content\/uploads\/2025\/12\/EFG-OG-Moduler-Hucreler-300x184.jpg 300w, https:\/\/www.zngenerji.com\/wp-content\/uploads\/2025\/12\/EFG-OG-Moduler-Hucreler-768x472.jpg 768w\" sizes=\"(max-width: 770px) 100vw, 770px\" \/>\t\t\t\t\t\t\t\t\t\t\t\t\t\t\t<\/div>\n\t\t\t\t<div class=\"elementor-element elementor-element-24fa1603 flex-horizontal-align-default flex-horizontal-align-tablet-default flex-horizontal-align-mobile-default flex-vertical-align-default flex-vertical-align-tablet-default flex-vertical-align-mobile-default elementor-invisible elementor-widget elementor-widget-heading\" data-id=\"24fa1603\" data-element_type=\"widget\" data-settings=\"{&quot;_animation&quot;:&quot;fadeInUp&quot;}\" data-widget_type=\"heading.default\">\n\t\t\t\t\t<div class=\"title-h2 elementor-heading-title elementor-size-default\"> OG Mod\u00fcler H\u00fccreler<\/div>\t\t\t\t<\/div>\n\t\t\t\t<div class=\"elementor-element elementor-element-3d1acc49 flex-horizontal-align-default flex-horizontal-align-tablet-default flex-horizontal-align-mobile-default flex-vertical-align-default flex-vertical-align-tablet-default flex-vertical-align-mobile-default elementor-invisible elementor-widget elementor-widget-text-editor\" data-id=\"3d1acc49\" data-element_type=\"widget\" data-settings=\"{&quot;_animation&quot;:&quot;fadeInUp&quot;}\" data-widget_type=\"text-editor.default\">\n\t\t\t\t\t\t\t\t\t\t\t\t<div class=\"elementor-text-editor elementor-clearfix\">\r\n\t\t\t\t\t\t<p><strong>EFG Metal Mahfazal\u0131 Mod\u00fcler H\u00fccreler<\/strong><\/p><p>EFG marka Metal Mahfazal\u0131 Mod\u00fcler H\u00fccreler, orta gerilim enerji da\u011f\u0131t\u0131m sistemlerinde g\u00fcvenilir yap\u0131s\u0131 ve projelere uygun tasar\u0131m esnekli\u011fiyle i\u015fletmelerin \u00e7\u00f6z\u00fcm orta\u011f\u0131d\u0131r. H\u00fccreler, 12kV, 24kV ve 36 kV orta gerilim da\u011f\u0131t\u0131m sistemleri i\u00e7in, transformat\u00f6r binalar\u0131nda, beton ya da sac k\u00f6\u015fklerde kullan\u0131lmak \u00fczere tasarlanmaktad\u0131r. Kolay kuruluma uygun mod\u00fcler yap\u0131lar\u0131 sayesinde EFG metal mahfazal\u0131 mod\u00fcler h\u00fccre, bir \u015falt merkezinin t\u00fcm ihtiya\u00e7lar\u0131na kolayl\u0131kla cevap verebilmekte; h\u0131zl\u0131 bir \u015fekilde devreye al\u0131nabilmektedir.<\/p><p>EFG Elektri\u011fin \u00fcretti\u011fi Mod\u00fcler H\u00fccre, metal b\u00f6lmelendirme (PI) yap\u0131s\u0131, LSC2A servis s\u00fcreklilik kayb\u0131 kategorisi ve AFL i\u00e7 ark s\u0131n\u0131fland\u0131rmas\u0131 bulunmaktad\u0131r. Bu h\u00fccrelerde bara \u00e7\u0131k\u0131\u015flar\u0131 hava yal\u0131t\u0131ml\u0131 olmakla birlikte elektriksel ay\u0131rma ve kesme i\u015flemleri SF6 gaz ya da vakum ortam\u0131nda yap\u0131lmaktad\u0131r. \u0130\u00e7erisinde bulunan EFG marka Vakum Kesici, SF6 Gazl\u0131 Kesici, SF6 Gazl\u0131 Y\u00fck ay\u0131r\u0131c\u0131 ile bas\u0131n\u00e7 bo\u015faltma sistemi maksimum kullan\u0131c\u0131 ve sistem g\u00fcvenli\u011fini minimum \u00f6l\u00e7\u00fcde maksimum g\u00fcvenlikli bir operasyon ile sa\u011flayabilmektedir.<\/p><p>\u00dcr\u00fcn kalitesinden taviz vermemek ad\u0131na t\u00fcm \u00fcr\u00fcnlerinde oldu\u011fu gibi EFG Metal Mahfazal\u0131 Mod\u00fcler H\u00fccrenin de her bir par\u00e7as\u0131, y\u00fcksek kalitede malzeme ve i\u015f\u00e7ilik ile \u00fcretilmektedir.<\/p><p><strong>Avantajlar\u0131<\/strong><\/p><ul><li>SF6 Gazl\u0131 Y\u00fck Ay\u0131r\u0131c\u0131s\u0131, SF6 Gazl\u0131 Kesici, Vakum Kesici ile emniyetli \u00e7\u00f6z\u00fcm<\/li><li>K\u0131sa s\u00fcrede kolay montaj<\/li><li>Kompakt dizayn<\/li><li>Kurulu sistemlerin daha sonra gerekti\u011finde rahatl\u0131kla s\u00f6k\u00fclebilmesi ve bunun sonucu olarak uygulanm\u0131\u015f projelerde de\u011fi\u015fiklik yapabilme imk\u00e2n\u0131<\/li><li>Maksimum kullan\u0131c\u0131 g\u00fcvenli\u011fini sa\u011flayan bas\u0131n\u00e7 bo\u015faltma sistemi<\/li><li>Ta\u015f\u0131ma ve depolama kolayl\u0131\u011f\u0131<\/li><li>T\u00fcm testlerinin ve fonksiyon ayarlar\u0131n\u0131n fabrikada uzman personel taraf\u0131ndan yap\u0131lmas\u0131<\/li><li>SCADA sistemlerine uygunluk<\/li><li>Gerekti\u011finde sa\u011fa sola geni\u015fleyebilmeye uygunluk<\/li><li>Maksimum operat\u00f6r ve sistem g\u00fcvenli\u011fi i\u00e7in ak\u0131ll\u0131 kilitleme sistemleri<\/li><\/ul><p><strong>Standartlar<\/strong><\/p><p>CEI EN \/ IEC standartlar\u0131<\/p><p>IEC EN 60529 Mahfazalarla sa\u011flanan koruma derecesi (IP kodu)<\/p><p>IEC 61869-1 \u00d6l\u00e7\u00fc transformat\u00f6rleri B\u00f6l\u00fcm 1: Genel kurallar<\/p><p>IEC 61869-2 \u00d6l\u00e7\u00fc transformat\u00f6rleri B\u00f6l\u00fcm 2: Ak\u0131m trafolar\u0131 i\u00e7in ek gereksinimler<\/p><p>IEC 61869-3 \u00d6l\u00e7\u00fc transformat\u00f6rleri B\u00f6l\u00fcm 3: End\u00fcktif gerilim transformat\u00f6rleri i\u00e7in ek gereksinimler IEC 62271-1 Y\u00fcksek gerilim \u015falt ve kontrol donan\u0131m\u0131 B\u00f6l\u00fcm 1: Ortak \u00f6zellikler<\/p><p>IEC 62271-100 Y\u00fcksek gerilim \u015falt ve kontrol donan\u0131m\u0131 B\u00f6l\u00fcm 100: Alternatif ak\u0131m devre kesicileri<\/p><p>IEC 62271-102 Y\u00fcksek gerilim \u015falt ve kontrol donan\u0131m\u0131 B\u00f6l\u00fcm 102: Alternatif ak\u0131m ay\u0131r\u0131c\u0131lar ve topraklama anahtarlar\u0131<\/p><p>IEC 62271-200 Y\u00fcksek gerilim \u015falt ve kontrol donan\u0131m\u0131 B\u00f6l\u00fcm 200: 52 kV\u2019a kadar ve dahil olmak \u00fczere 1 kV \u00fczerindeki metal mahfazal\u0131 fabrikada \u00fcretilmi\u015f \u015falt ve kontrol donan\u0131m\u0131<\/p><p>IEC 62271-202 Y\u00fcksek gerilim \u015falt ve kontrol donan\u0131m\u0131 B\u00f6l\u00fcm 202: Y\u00fcksek\/Al\u00e7ak gerilim prefabrik trafo merkezleri<\/p><p>IEC 62271-206 Y\u00fcksek gerilim \u015falt ve kontrol donan\u0131m\u0131 B\u00f6l\u00fcm 206: 52 kV\u2019a kadar ve dahil olmak \u00fczere 1 kV \u00fczerindeki gerilim varl\u0131\u011f\u0131 g\u00f6sterge sistemleri<\/p><p><strong>Kullan\u0131m Alanlar\u0131<\/strong><\/p><ul><li>Transformat\u00f6r merkezleri<\/li><li>Altyap\u0131 ve in\u015faat sekt\u00f6r\u00fc (Limanlar, tren istasyonlar\u0131, hava alanlar\u0131, hastaneler, okullar, oteller, al\u0131\u015fveri\u015f merkezleri, ticaret merkezleri, tatil kompleksleri vb.<\/li><li>\u00c7e\u015fitli end\u00fcstriler (su, demir \u00e7elik, otomotiv, petrol vb.)<\/li><li>Elektrik santralleri<\/li><li>Orta gerilim da\u011f\u0131t\u0131m sistemleri<\/li><li>End\u00fcstriyel tesisler<\/li><li>Enerji santralleri (R\u00fczgar enerjisi santralleri, g\u00fcne\u015f enerjisi santralleri, hidroelektrik santralleri vb, OG da\u011f\u0131t\u0131m sistemleri, trafo merkezleri)<\/li><\/ul>\t\t\t\t\t\t\t<\/div>\r\n\t\t\t\t\t\t\t\t\t\t<\/div>\n\t\t\t\t\t<\/div>\n\t\t<\/div>\n\t\t\t\t\t<\/div><\/div>\r\n\t\t<\/main>\r\n\t\t\t\t<\/div>\n\t\t","protected":false},"excerpt":{"rendered":"<p>OG Mod\u00fcler H\u00fccreler EFG Metal Mahfazal\u0131 Mod\u00fcler H\u00fccreler EFG marka&#8230;<\/p>\n","protected":false},"author":1,"featured_media":0,"parent":0,"menu_order":0,"comment_status":"closed","ping_status":"closed","template":"","meta":{"footnotes":""},"class_list":["post-3122","page","type-page","status-publish"],"_links":{"self":[{"href":"https:\/\/www.zngenerji.com\/index.php?rest_route=\/wp\/v2\/pages\/3122","targetHints":{"allow":["GET"]}}],"collection":[{"href":"https:\/\/www.zngenerji.com\/index.php?rest_route=\/wp\/v2\/pages"}],"about":[{"href":"https:\/\/www.zngenerji.com\/index.php?rest_route=\/wp\/v2\/types\/page"}],"author":[{"embeddable":true,"href":"https:\/\/www.zngenerji.com\/index.php?rest_route=\/wp\/v2\/users\/1"}],"replies":[{"embeddable":true,"href":"https:\/\/www.zngenerji.com\/index.php?rest_route=%2Fwp%2Fv2%2Fcomments&post=3122"}],"version-history":[{"count":4,"href":"https:\/\/www.zngenerji.com\/index.php?rest_route=\/wp\/v2\/pages\/3122\/revisions"}],"predecessor-version":[{"id":3128,"href":"https:\/\/www.zngenerji.com\/index.php?rest_route=\/wp\/v2\/pages\/3122\/revisions\/3128"}],"wp:attachment":[{"href":"https:\/\/www.zngenerji.com\/index.php?rest_route=%2Fwp%2Fv2%2Fmedia&parent=3122"}],"curies":[{"name":"wp","href":"https:\/\/api.w.org\/{rel}","templated":true}]}}