{"id":3260,"date":"2025-12-22T17:43:41","date_gmt":"2025-12-22T14:43:41","guid":{"rendered":"https:\/\/www.zngenerji.com\/?page_id=3260"},"modified":"2025-12-24T16:35:14","modified_gmt":"2025-12-24T13:35:14","slug":"haberler","status":"publish","type":"page","link":"https:\/\/www.zngenerji.com\/?page_id=3260","title":{"rendered":"Haberler"},"content":{"rendered":"\t\t<div data-elementor-type=\"wp-page\" data-elementor-id=\"3260\" class=\"elementor elementor-3260\">\n\t\t\t\t<div class=\"elementor-element elementor-element-83cf23f thegem-e-con-layout-thegem e-flex e-con-boxed elementor-invisible e-con e-parent\" data-id=\"83cf23f\" data-element_type=\"container\" data-settings=\"{&quot;animation&quot;:&quot;fadeInLeft&quot;,&quot;thegem_container_layout&quot;:&quot;thegem&quot;}\">\r\n\t\t\t\t\t<div class=\"e-con-inner\">\r\n\t\t<div class=\"elementor-element elementor-element-f28a243 e-con-full thegem-e-con-layout-thegem e-flex e-con e-child\" data-id=\"f28a243\" data-element_type=\"container\" data-settings=\"{&quot;thegem_container_layout&quot;:&quot;thegem&quot;}\">\r\n\t\t\t\t<div class=\"elementor-element elementor-element-748f663 flex-horizontal-align-default flex-horizontal-align-tablet-default flex-horizontal-align-mobile-default flex-vertical-align-default flex-vertical-align-tablet-default flex-vertical-align-mobile-default elementor-widget elementor-widget-heading\" data-id=\"748f663\" data-element_type=\"widget\" data-widget_type=\"heading.default\">\n\t\t\t\t\t<h3 class=\"elementor-heading-title elementor-size-default\">4. ULUSLARARASI ELEKTR\u0130KL\u0130 ARA\u00c7 \u015eARJ TEKNILOJ\u0130LER\u0130 VE EK\u0130PMANLARI FUARINDAYDIK<\/h3>\t\t\t\t<\/div>\n\t\t\t\t<\/div>\n\t\t<div class=\"elementor-element elementor-element-682e9e3 e-con-full thegem-e-con-layout-thegem e-flex e-con e-child\" data-id=\"682e9e3\" data-element_type=\"container\" data-settings=\"{&quot;thegem_container_layout&quot;:&quot;thegem&quot;}\">\r\n\t\t\t\t<div class=\"elementor-element elementor-element-9ba9579 flex-horizontal-align-default flex-horizontal-align-tablet-default flex-horizontal-align-mobile-default flex-vertical-align-default flex-vertical-align-tablet-default flex-vertical-align-mobile-default elementor-widget elementor-widget-video\" data-id=\"9ba9579\" data-element_type=\"widget\" data-settings=\"{&quot;video_type&quot;:&quot;hosted&quot;,&quot;controls&quot;:&quot;yes&quot;}\" data-widget_type=\"video.default\">\n\t\t\t\t\t\t\t<div class=\"e-hosted-video elementor-wrapper elementor-open-inline\">\n\t\t\t\t\t<video class=\"elementor-video\" src=\"https:\/\/www.zngenerji.com\/wp-content\/uploads\/2025\/12\/ZNG-FUAR-30MB.mp4\" controls=\"\" preload=\"metadata\" controlsList=\"nodownload\"><\/video>\n\t\t\t\t<\/div>\n\t\t\t\t\t\t<\/div>\n\t\t\t\t<\/div>\n\t\t\t\t\t<\/div>\n\t\t\t\t<\/div>\n\t\t<div class=\"elementor-element elementor-element-a0bf7c4 thegem-e-con-layout-thegem e-flex e-con-boxed e-con e-parent\" data-id=\"a0bf7c4\" data-element_type=\"container\" data-settings=\"{&quot;thegem_container_layout&quot;:&quot;thegem&quot;}\">\r\n\t\t\t\t\t<div class=\"e-con-inner\">\r\n\t\t\t\t<div class=\"elementor-element elementor-element-d8507b4 flex-horizontal-align-default flex-horizontal-align-tablet-default flex-horizontal-align-mobile-default flex-vertical-align-default flex-vertical-align-tablet-default flex-vertical-align-mobile-default elementor-widget elementor-widget-spacer\" data-id=\"d8507b4\" data-element_type=\"widget\" data-widget_type=\"spacer.default\">\n\t\t\t\t<div class=\"elementor-widget-container\">\n\t\t\t\t\t\t\t<div class=\"elementor-spacer\">\n\t\t\t<div class=\"elementor-spacer-inner\"><\/div>\n\t\t<\/div>\n\t\t\t\t\t\t<\/div>\n\t\t\t\t<\/div>\n\t\t\t\t\t<\/div>\n\t\t\t\t<\/div>\n\t\t<div class=\"elementor-element elementor-element-0e33dac thegem-e-con-layout-thegem e-flex e-con-boxed elementor-invisible e-con e-parent\" data-id=\"0e33dac\" data-element_type=\"container\" data-settings=\"{&quot;animation&quot;:&quot;fadeInRight&quot;,&quot;thegem_container_layout&quot;:&quot;thegem&quot;}\">\r\n\t\t\t\t\t<div class=\"e-con-inner\">\r\n\t\t<div class=\"elementor-element elementor-element-ad4b42e e-con-full thegem-e-con-layout-thegem e-flex e-con e-child\" data-id=\"ad4b42e\" data-element_type=\"container\" data-settings=\"{&quot;thegem_container_layout&quot;:&quot;thegem&quot;}\">\r\n\t\t\t\t<div class=\"elementor-element elementor-element-9554a04 flex-horizontal-align-default flex-horizontal-align-tablet-default flex-horizontal-align-mobile-default flex-vertical-align-default flex-vertical-align-tablet-default flex-vertical-align-mobile-default elementor-widget elementor-widget-heading\" data-id=\"9554a04\" data-element_type=\"widget\" data-widget_type=\"heading.default\">\n\t\t\t\t\t<h3 class=\"elementor-heading-title elementor-size-default\">tan\u0131t\u0131m filmimiz<\/h3>\t\t\t\t<\/div>\n\t\t\t\t<\/div>\n\t\t<div class=\"elementor-element elementor-element-5ffbebf e-con-full thegem-e-con-layout-thegem e-flex e-con e-child\" data-id=\"5ffbebf\" data-element_type=\"container\" data-settings=\"{&quot;thegem_container_layout&quot;:&quot;thegem&quot;}\">\r\n\t\t\t\t<div class=\"elementor-element elementor-element-0b4ae8b flex-horizontal-align-default flex-horizontal-align-tablet-default flex-horizontal-align-mobile-default flex-vertical-align-default flex-vertical-align-tablet-default flex-vertical-align-mobile-default elementor-widget elementor-widget-video\" data-id=\"0b4ae8b\" data-element_type=\"widget\" data-settings=\"{&quot;video_type&quot;:&quot;hosted&quot;,&quot;controls&quot;:&quot;yes&quot;}\" data-widget_type=\"video.default\">\n\t\t\t\t\t\t\t<div class=\"e-hosted-video elementor-wrapper elementor-open-inline\">\n\t\t\t\t\t<video class=\"elementor-video\" src=\"https:\/\/www.zngenerji.com\/wp-content\/uploads\/2025\/12\/ZNG_ENERJI_REV_S121125-1.mov\" controls=\"\" preload=\"metadata\" controlsList=\"nodownload\" poster=\"https:\/\/www.zngenerji.com\/wp-content\/uploads\/2025\/12\/DJI_20251104153449_0115_D-copy-2-scaled.jpg\"><\/video>\n\t\t\t\t<\/div>\n\t\t\t\t\t\t<\/div>\n\t\t\t\t<\/div>\n\t\t\t\t\t<\/div>\n\t\t\t\t<\/div>\n\t\t\t\t<\/div>\n\t\t","protected":false},"excerpt":{"rendered":"<p>4. ULUSLARARASI ELEKTR\u0130KL\u0130 ARA\u00c7 \u015eARJ TEKNILOJ\u0130LER\u0130 VE EK\u0130PMANLARI FUARINDAYDIK https:\/\/www.zngenerji.com\/wp-content\/uploads\/2025\/12\/ZNG-FUAR-30MB.mp4&#8230;<\/p>\n","protected":false},"author":1,"featured_media":0,"parent":0,"menu_order":0,"comment_status":"closed","ping_status":"closed","template":"page-fullwidth.php","meta":{"footnotes":""},"class_list":["post-3260","page","type-page","status-publish"],"_links":{"self":[{"href":"https:\/\/www.zngenerji.com\/index.php?rest_route=\/wp\/v2\/pages\/3260","targetHints":{"allow":["GET"]}}],"collection":[{"href":"https:\/\/www.zngenerji.com\/index.php?rest_route=\/wp\/v2\/pages"}],"about":[{"href":"https:\/\/www.zngenerji.com\/index.php?rest_route=\/wp\/v2\/types\/page"}],"author":[{"embeddable":true,"href":"https:\/\/www.zngenerji.com\/index.php?rest_route=\/wp\/v2\/users\/1"}],"replies":[{"embeddable":true,"href":"https:\/\/www.zngenerji.com\/index.php?rest_route=%2Fwp%2Fv2%2Fcomments&post=3260"}],"version-history":[{"count":11,"href":"https:\/\/www.zngenerji.com\/index.php?rest_route=\/wp\/v2\/pages\/3260\/revisions"}],"predecessor-version":[{"id":3414,"href":"https:\/\/www.zngenerji.com\/index.php?rest_route=\/wp\/v2\/pages\/3260\/revisions\/3414"}],"wp:attachment":[{"href":"https:\/\/www.zngenerji.com\/index.php?rest_route=%2Fwp%2Fv2%2Fmedia&parent=3260"}],"curies":[{"name":"wp","href":"https:\/\/api.w.org\/{rel}","templated":true}]}}