{"id":3490,"date":"2026-03-02T12:16:56","date_gmt":"2026-03-02T09:16:56","guid":{"rendered":"https:\/\/www.zngenerji.com\/?page_id=3490"},"modified":"2026-04-08T12:10:35","modified_gmt":"2026-04-08T09:10:35","slug":"politikamiz","status":"publish","type":"page","link":"https:\/\/www.zngenerji.com\/?page_id=3490","title":{"rendered":"Politikam\u0131z"},"content":{"rendered":"\t\t<div data-elementor-type=\"wp-page\" data-elementor-id=\"3490\" class=\"elementor elementor-3490\">\n\t\t\t\t<div class=\"elementor-element elementor-element-38d5bff thegem-e-con-layout-thegem e-flex e-con-boxed e-con e-parent\" data-id=\"38d5bff\" data-element_type=\"container\" data-settings=\"{&quot;thegem_container_layout&quot;:&quot;thegem&quot;}\">\r\n\t\t\t\t\t<div class=\"e-con-inner\">\r\n\t\t<div class=\"elementor-element elementor-element-897a738 e-con-full thegem-e-con-layout-thegem e-flex e-con e-child\" data-id=\"897a738\" data-element_type=\"container\" data-settings=\"{&quot;thegem_container_layout&quot;:&quot;thegem&quot;}\">\r\n\t\t\t\t<div class=\"elementor-element elementor-element-dec2234 flex-horizontal-align-default flex-horizontal-align-tablet-default flex-horizontal-align-mobile-default flex-vertical-align-default flex-vertical-align-tablet-default flex-vertical-align-mobile-default elementor-widget elementor-widget-image\" data-id=\"dec2234\" data-element_type=\"widget\" data-widget_type=\"image.default\">\n\t\t\t\t\t\t\t\t\t\t\t\t<figure class=\"wp-caption\">\n\t\t\t\t\t\t\t\t\t\t\t<a href=\"https:\/\/www.zngenerji.com\/wp-content\/uploads\/2026\/03\/EK-02-POL-3-ISG-POLITIKASI-1-scaled.jpg\" data-elementor-open-lightbox=\"yes\" data-elementor-lightbox-title=\"EK-02 POL-3 \u0130SG POL\u0130T\u0130KASI (1)\" data-e-action-hash=\"#elementor-action%3Aaction%3Dlightbox%26settings%3DeyJpZCI6MzQ5MywidXJsIjoiaHR0cHM6XC9cL3d3dy56bmdlbmVyamkuY29tXC93cC1jb250ZW50XC91cGxvYWRzXC8yMDI2XC8wM1wvRUstMDItUE9MLTMtSVNHLVBPTElUSUtBU0ktMS1zY2FsZWQuanBnIn0%3D\">\n\t\t\t\t\t\t\t<img width=\"761\" height=\"1024\" src=\"https:\/\/www.zngenerji.com\/wp-content\/uploads\/2026\/03\/EK-02-POL-3-ISG-POLITIKASI-1-761x1024.jpg\" class=\"attachment-large size-large wp-image-3493\" alt=\"\" srcset=\"https:\/\/www.zngenerji.com\/wp-content\/uploads\/2026\/03\/EK-02-POL-3-ISG-POLITIKASI-1-761x1024.jpg 761w, https:\/\/www.zngenerji.com\/wp-content\/uploads\/2026\/03\/EK-02-POL-3-ISG-POLITIKASI-1-223x300.jpg 223w, https:\/\/www.zngenerji.com\/wp-content\/uploads\/2026\/03\/EK-02-POL-3-ISG-POLITIKASI-1-768x1033.jpg 768w, https:\/\/www.zngenerji.com\/wp-content\/uploads\/2026\/03\/EK-02-POL-3-ISG-POLITIKASI-1-1142x1536.jpg 1142w, https:\/\/www.zngenerji.com\/wp-content\/uploads\/2026\/03\/EK-02-POL-3-ISG-POLITIKASI-1-1522x2048.jpg 1522w, https:\/\/www.zngenerji.com\/wp-content\/uploads\/2026\/03\/EK-02-POL-3-ISG-POLITIKASI-1-scaled.jpg 1903w\" sizes=\"(max-width: 761px) 100vw, 761px\" \/>\t\t\t\t\t\t\t\t<\/a>\n\t\t\t\t\t\t\t\t\t\t\t<figcaption class=\"widget-image-caption wp-caption-text\">\u0130\u015e G\u00dcVENL\u0130\u011e\u0130 POL\u0130T\u0130KAMIZ<\/figcaption>\n\t\t\t\t\t\t\t\t\t\t<\/figure>\n\t\t\t\t\t\t\t\t\t<\/div>\n\t\t\t\t<\/div>\n\t\t<div class=\"elementor-element elementor-element-a3a5955 e-con-full thegem-e-con-layout-thegem e-flex e-con e-child\" data-id=\"a3a5955\" data-element_type=\"container\" data-settings=\"{&quot;thegem_container_layout&quot;:&quot;thegem&quot;}\">\r\n\t\t\t\t<div class=\"elementor-element elementor-element-3453c7c flex-horizontal-align-default flex-horizontal-align-tablet-default flex-horizontal-align-mobile-default flex-vertical-align-default flex-vertical-align-tablet-default flex-vertical-align-mobile-default elementor-widget elementor-widget-image\" data-id=\"3453c7c\" data-element_type=\"widget\" data-widget_type=\"image.default\">\n\t\t\t\t\t\t\t\t\t\t\t\t<figure class=\"wp-caption\">\n\t\t\t\t\t\t\t\t\t\t\t<a href=\"https:\/\/www.zngenerji.com\/wp-content\/uploads\/2026\/03\/EK-02-POL-1-KYS-POLITIKASI-2.jpg\" data-elementor-open-lightbox=\"yes\" data-elementor-lightbox-title=\"EK-02 POL-1 KYS POL\u0130T\u0130KASI (2)\" data-e-action-hash=\"#elementor-action%3Aaction%3Dlightbox%26settings%3DeyJpZCI6MzQ5MiwidXJsIjoiaHR0cHM6XC9cL3d3dy56bmdlbmVyamkuY29tXC93cC1jb250ZW50XC91cGxvYWRzXC8yMDI2XC8wM1wvRUstMDItUE9MLTEtS1lTLVBPTElUSUtBU0ktMi5qcGcifQ%3D%3D\">\n\t\t\t\t\t\t\t<img width=\"1013\" height=\"1024\" src=\"https:\/\/www.zngenerji.com\/wp-content\/uploads\/2026\/03\/EK-02-POL-1-KYS-POLITIKASI-2-1013x1024.jpg\" class=\"attachment-large size-large wp-image-3492\" alt=\"\" srcset=\"https:\/\/www.zngenerji.com\/wp-content\/uploads\/2026\/03\/EK-02-POL-1-KYS-POLITIKASI-2-1013x1024.jpg 1013w, https:\/\/www.zngenerji.com\/wp-content\/uploads\/2026\/03\/EK-02-POL-1-KYS-POLITIKASI-2-297x300.jpg 297w, https:\/\/www.zngenerji.com\/wp-content\/uploads\/2026\/03\/EK-02-POL-1-KYS-POLITIKASI-2-768x776.jpg 768w, https:\/\/www.zngenerji.com\/wp-content\/uploads\/2026\/03\/EK-02-POL-1-KYS-POLITIKASI-2.jpg 1447w\" sizes=\"(max-width: 1013px) 100vw, 1013px\" \/>\t\t\t\t\t\t\t\t<\/a>\n\t\t\t\t\t\t\t\t\t\t\t<figcaption class=\"widget-image-caption wp-caption-text\">KAL\u0130TE POL\u0130T\u0130KAMIZ<\/figcaption>\n\t\t\t\t\t\t\t\t\t\t<\/figure>\n\t\t\t\t\t\t\t\t\t<\/div>\n\t\t\t\t<\/div>\n\t\t<div class=\"elementor-element elementor-element-3c97513 e-con-full thegem-e-con-layout-thegem e-flex e-con e-child\" data-id=\"3c97513\" data-element_type=\"container\" data-settings=\"{&quot;thegem_container_layout&quot;:&quot;thegem&quot;}\">\r\n\t\t\t\t<div class=\"elementor-element elementor-element-e1ff341 flex-horizontal-align-default flex-horizontal-align-tablet-default flex-horizontal-align-mobile-default flex-vertical-align-default flex-vertical-align-tablet-default flex-vertical-align-mobile-default elementor-widget elementor-widget-image\" data-id=\"e1ff341\" data-element_type=\"widget\" data-widget_type=\"image.default\">\n\t\t\t\t\t\t\t\t\t\t\t\t<figure class=\"wp-caption\">\n\t\t\t\t\t\t\t\t\t\t\t<a href=\"https:\/\/www.zngenerji.com\/wp-content\/uploads\/2026\/03\/EK-02-POL-1-BILGI-GUVENLIGI-POLITIKASI.jpg\" data-elementor-open-lightbox=\"yes\" data-elementor-lightbox-title=\"EK-02 POL-1 B\u0130LG\u0130 G\u00dcVENL\u0130\u011e\u0130 POL\u0130T\u0130KASI\" data-e-action-hash=\"#elementor-action%3Aaction%3Dlightbox%26settings%3DeyJpZCI6MzUwOCwidXJsIjoiaHR0cHM6XC9cL3d3dy56bmdlbmVyamkuY29tXC93cC1jb250ZW50XC91cGxvYWRzXC8yMDI2XC8wM1wvRUstMDItUE9MLTEtQklMR0ktR1VWRU5MSUdJLVBPTElUSUtBU0kuanBnIn0%3D\">\n\t\t\t\t\t\t\t<img width=\"1013\" height=\"1024\" src=\"https:\/\/www.zngenerji.com\/wp-content\/uploads\/2026\/03\/EK-02-POL-1-BILGI-GUVENLIGI-POLITIKASI-1013x1024.jpg\" class=\"attachment-large size-large wp-image-3508\" alt=\"\" srcset=\"https:\/\/www.zngenerji.com\/wp-content\/uploads\/2026\/03\/EK-02-POL-1-BILGI-GUVENLIGI-POLITIKASI-1013x1024.jpg 1013w, https:\/\/www.zngenerji.com\/wp-content\/uploads\/2026\/03\/EK-02-POL-1-BILGI-GUVENLIGI-POLITIKASI-297x300.jpg 297w, https:\/\/www.zngenerji.com\/wp-content\/uploads\/2026\/03\/EK-02-POL-1-BILGI-GUVENLIGI-POLITIKASI-768x776.jpg 768w, https:\/\/www.zngenerji.com\/wp-content\/uploads\/2026\/03\/EK-02-POL-1-BILGI-GUVENLIGI-POLITIKASI.jpg 1447w\" sizes=\"(max-width: 1013px) 100vw, 1013px\" \/>\t\t\t\t\t\t\t\t<\/a>\n\t\t\t\t\t\t\t\t\t\t\t<figcaption class=\"widget-image-caption wp-caption-text\">B\u0130LG\u0130 G\u00dcVENL\u0130\u011e\u0130 POL\u0130T\u0130KAMIZ<\/figcaption>\n\t\t\t\t\t\t\t\t\t\t<\/figure>\n\t\t\t\t\t\t\t\t\t<\/div>\n\t\t\t\t<\/div>\n\t\t<div class=\"elementor-element elementor-element-f0602a7 e-con-full thegem-e-con-layout-thegem e-flex e-con e-child\" data-id=\"f0602a7\" data-element_type=\"container\" data-settings=\"{&quot;thegem_container_layout&quot;:&quot;thegem&quot;}\">\r\n\t\t\t\t<div class=\"elementor-element elementor-element-91e9b6f flex-horizontal-align-default flex-horizontal-align-tablet-default flex-horizontal-align-mobile-default flex-vertical-align-default flex-vertical-align-tablet-default flex-vertical-align-mobile-default elementor-widget elementor-widget-image\" data-id=\"91e9b6f\" data-element_type=\"widget\" data-widget_type=\"image.default\">\n\t\t\t\t\t\t\t\t\t\t\t\t<figure class=\"wp-caption\">\n\t\t\t\t\t\t\t\t\t\t\t<a href=\"https:\/\/www.zngenerji.com\/wp-content\/uploads\/2026\/03\/EK-02-POL-2-CYS-POLITIKASI-1-scaled.jpg\" data-elementor-open-lightbox=\"yes\" data-elementor-lightbox-title=\"EK-02 POL-2 \u00c7YS POL\u0130T\u0130KASI (1)\" data-e-action-hash=\"#elementor-action%3Aaction%3Dlightbox%26settings%3DeyJpZCI6MzQ5NCwidXJsIjoiaHR0cHM6XC9cL3d3dy56bmdlbmVyamkuY29tXC93cC1jb250ZW50XC91cGxvYWRzXC8yMDI2XC8wM1wvRUstMDItUE9MLTItQ1lTLVBPTElUSUtBU0ktMS1zY2FsZWQuanBnIn0%3D\">\n\t\t\t\t\t\t\t<img width=\"761\" height=\"1024\" src=\"https:\/\/www.zngenerji.com\/wp-content\/uploads\/2026\/03\/EK-02-POL-2-CYS-POLITIKASI-1-761x1024.jpg\" class=\"attachment-large size-large wp-image-3494\" alt=\"\" srcset=\"https:\/\/www.zngenerji.com\/wp-content\/uploads\/2026\/03\/EK-02-POL-2-CYS-POLITIKASI-1-761x1024.jpg 761w, https:\/\/www.zngenerji.com\/wp-content\/uploads\/2026\/03\/EK-02-POL-2-CYS-POLITIKASI-1-223x300.jpg 223w, https:\/\/www.zngenerji.com\/wp-content\/uploads\/2026\/03\/EK-02-POL-2-CYS-POLITIKASI-1-768x1033.jpg 768w, https:\/\/www.zngenerji.com\/wp-content\/uploads\/2026\/03\/EK-02-POL-2-CYS-POLITIKASI-1-1142x1536.jpg 1142w, https:\/\/www.zngenerji.com\/wp-content\/uploads\/2026\/03\/EK-02-POL-2-CYS-POLITIKASI-1-1522x2048.jpg 1522w, https:\/\/www.zngenerji.com\/wp-content\/uploads\/2026\/03\/EK-02-POL-2-CYS-POLITIKASI-1-scaled.jpg 1903w\" sizes=\"(max-width: 761px) 100vw, 761px\" \/>\t\t\t\t\t\t\t\t<\/a>\n\t\t\t\t\t\t\t\t\t\t\t<figcaption class=\"widget-image-caption wp-caption-text\">\u00c7EVRE POL\u0130T\u0130KAMIZ<\/figcaption>\n\t\t\t\t\t\t\t\t\t\t<\/figure>\n\t\t\t\t\t\t\t\t\t<\/div>\n\t\t\t\t<\/div>\n\t\t\t\t\t<\/div>\n\t\t\t\t<\/div>\n\t\t<div class=\"elementor-element elementor-element-417d20c thegem-e-con-layout-thegem e-flex e-con-boxed e-con e-parent\" data-id=\"417d20c\" data-element_type=\"container\" data-settings=\"{&quot;thegem_container_layout&quot;:&quot;thegem&quot;}\">\r\n\t\t\t\t\t<div class=\"e-con-inner\">\r\n\t\t<div class=\"elementor-element elementor-element-fd3ec2c e-con-full thegem-e-con-layout-thegem e-flex e-con e-child\" data-id=\"fd3ec2c\" data-element_type=\"container\" data-settings=\"{&quot;thegem_container_layout&quot;:&quot;thegem&quot;}\">\r\n\t\t\t\t<div class=\"elementor-element elementor-element-7426548 flex-horizontal-align-default flex-horizontal-align-tablet-default flex-horizontal-align-mobile-default flex-vertical-align-default flex-vertical-align-tablet-default flex-vertical-align-mobile-default elementor-widget elementor-widget-image\" data-id=\"7426548\" data-element_type=\"widget\" data-widget_type=\"image.default\">\n\t\t\t\t\t\t\t\t\t\t\t\t<figure class=\"wp-caption\">\n\t\t\t\t\t\t\t\t\t\t\t<a href=\"https:\/\/www.zngenerji.com\/wp-content\/uploads\/2026\/04\/ZNG-ENERJI-9144527_Sayfa_3.jpg\" data-elementor-open-lightbox=\"yes\" data-elementor-lightbox-title=\"ZNG ENERJ\u0130-9+14+45+27_Sayfa_3\" data-e-action-hash=\"#elementor-action%3Aaction%3Dlightbox%26settings%3DeyJpZCI6MzUxNiwidXJsIjoiaHR0cHM6XC9cL3d3dy56bmdlbmVyamkuY29tXC93cC1jb250ZW50XC91cGxvYWRzXC8yMDI2XC8wNFwvWk5HLUVORVJKSS05MTQ0NTI3X1NheWZhXzMuanBnIn0%3D\">\n\t\t\t\t\t\t\t<img width=\"721\" height=\"1024\" src=\"https:\/\/www.zngenerji.com\/wp-content\/uploads\/2026\/04\/ZNG-ENERJI-9144527_Sayfa_3-721x1024.jpg\" class=\"attachment-large size-large wp-image-3516\" alt=\"\" srcset=\"https:\/\/www.zngenerji.com\/wp-content\/uploads\/2026\/04\/ZNG-ENERJI-9144527_Sayfa_3-721x1024.jpg 721w, https:\/\/www.zngenerji.com\/wp-content\/uploads\/2026\/04\/ZNG-ENERJI-9144527_Sayfa_3-211x300.jpg 211w, https:\/\/www.zngenerji.com\/wp-content\/uploads\/2026\/04\/ZNG-ENERJI-9144527_Sayfa_3-768x1090.jpg 768w, https:\/\/www.zngenerji.com\/wp-content\/uploads\/2026\/04\/ZNG-ENERJI-9144527_Sayfa_3-1082x1536.jpg 1082w, https:\/\/www.zngenerji.com\/wp-content\/uploads\/2026\/04\/ZNG-ENERJI-9144527_Sayfa_3-1443x2048.jpg 1443w, https:\/\/www.zngenerji.com\/wp-content\/uploads\/2026\/04\/ZNG-ENERJI-9144527_Sayfa_3.jpg 1656w\" sizes=\"(max-width: 721px) 100vw, 721px\" \/>\t\t\t\t\t\t\t\t<\/a>\n\t\t\t\t\t\t\t\t\t\t\t<figcaption class=\"widget-image-caption wp-caption-text\">ISO BELGEM\u0130Z<\/figcaption>\n\t\t\t\t\t\t\t\t\t\t<\/figure>\n\t\t\t\t\t\t\t\t\t<\/div>\n\t\t\t\t<\/div>\n\t\t<div class=\"elementor-element elementor-element-9825e22 e-con-full thegem-e-con-layout-thegem e-flex e-con e-child\" data-id=\"9825e22\" data-element_type=\"container\" data-settings=\"{&quot;thegem_container_layout&quot;:&quot;thegem&quot;}\">\r\n\t\t\t\t<div class=\"elementor-element elementor-element-3012900 flex-horizontal-align-default flex-horizontal-align-tablet-default flex-horizontal-align-mobile-default flex-vertical-align-default flex-vertical-align-tablet-default flex-vertical-align-mobile-default elementor-widget elementor-widget-image\" data-id=\"3012900\" data-element_type=\"widget\" data-widget_type=\"image.default\">\n\t\t\t\t\t\t\t\t\t\t\t\t<figure class=\"wp-caption\">\n\t\t\t\t\t\t\t\t\t\t\t<a href=\"https:\/\/www.zngenerji.com\/wp-content\/uploads\/2026\/04\/ZNG-ENERJI-9144527_Sayfa_2.jpg\" data-elementor-open-lightbox=\"yes\" data-elementor-lightbox-title=\"ZNG ENERJ\u0130-9+14+45+27_Sayfa_2\" data-e-action-hash=\"#elementor-action%3Aaction%3Dlightbox%26settings%3DeyJpZCI6MzUyMywidXJsIjoiaHR0cHM6XC9cL3d3dy56bmdlbmVyamkuY29tXC93cC1jb250ZW50XC91cGxvYWRzXC8yMDI2XC8wNFwvWk5HLUVORVJKSS05MTQ0NTI3X1NheWZhXzIuanBnIn0%3D\">\n\t\t\t\t\t\t\t<img width=\"716\" height=\"1024\" src=\"https:\/\/www.zngenerji.com\/wp-content\/uploads\/2026\/04\/ZNG-ENERJI-9144527_Sayfa_2-716x1024.jpg\" class=\"attachment-large size-large wp-image-3523\" alt=\"\" srcset=\"https:\/\/www.zngenerji.com\/wp-content\/uploads\/2026\/04\/ZNG-ENERJI-9144527_Sayfa_2-716x1024.jpg 716w, https:\/\/www.zngenerji.com\/wp-content\/uploads\/2026\/04\/ZNG-ENERJI-9144527_Sayfa_2-210x300.jpg 210w, https:\/\/www.zngenerji.com\/wp-content\/uploads\/2026\/04\/ZNG-ENERJI-9144527_Sayfa_2-768x1098.jpg 768w, https:\/\/www.zngenerji.com\/wp-content\/uploads\/2026\/04\/ZNG-ENERJI-9144527_Sayfa_2-1075x1536.jpg 1075w, https:\/\/www.zngenerji.com\/wp-content\/uploads\/2026\/04\/ZNG-ENERJI-9144527_Sayfa_2-1433x2048.jpg 1433w, https:\/\/www.zngenerji.com\/wp-content\/uploads\/2026\/04\/ZNG-ENERJI-9144527_Sayfa_2.jpg 1656w\" sizes=\"(max-width: 716px) 100vw, 716px\" \/>\t\t\t\t\t\t\t\t<\/a>\n\t\t\t\t\t\t\t\t\t\t\t<figcaption class=\"widget-image-caption wp-caption-text\">ISO BELGEM\u0130Z<\/figcaption>\n\t\t\t\t\t\t\t\t\t\t<\/figure>\n\t\t\t\t\t\t\t\t\t<\/div>\n\t\t\t\t<\/div>\n\t\t<div class=\"elementor-element elementor-element-5adc517 e-con-full thegem-e-con-layout-thegem e-flex e-con e-child\" data-id=\"5adc517\" data-element_type=\"container\" data-settings=\"{&quot;thegem_container_layout&quot;:&quot;thegem&quot;}\">\r\n\t\t\t\t<div class=\"elementor-element elementor-element-a502770 flex-horizontal-align-default flex-horizontal-align-tablet-default flex-horizontal-align-mobile-default flex-vertical-align-default flex-vertical-align-tablet-default flex-vertical-align-mobile-default elementor-widget elementor-widget-image\" data-id=\"a502770\" data-element_type=\"widget\" data-widget_type=\"image.default\">\n\t\t\t\t\t\t\t\t\t\t\t\t<figure class=\"wp-caption\">\n\t\t\t\t\t\t\t\t\t\t\t<a href=\"https:\/\/www.zngenerji.com\/wp-content\/uploads\/2026\/04\/ZNG-ENERJI-9144527_Sayfa_1.jpg\" data-elementor-open-lightbox=\"yes\" data-elementor-lightbox-title=\"ZNG ENERJ\u0130-9+14+45+27_Sayfa_1\" data-e-action-hash=\"#elementor-action%3Aaction%3Dlightbox%26settings%3DeyJpZCI6MzUyNywidXJsIjoiaHR0cHM6XC9cL3d3dy56bmdlbmVyamkuY29tXC93cC1jb250ZW50XC91cGxvYWRzXC8yMDI2XC8wNFwvWk5HLUVORVJKSS05MTQ0NTI3X1NheWZhXzEuanBnIn0%3D\">\n\t\t\t\t\t\t\t<img width=\"722\" height=\"1024\" src=\"https:\/\/www.zngenerji.com\/wp-content\/uploads\/2026\/04\/ZNG-ENERJI-9144527_Sayfa_1-722x1024.jpg\" class=\"attachment-large size-large wp-image-3527\" alt=\"\" srcset=\"https:\/\/www.zngenerji.com\/wp-content\/uploads\/2026\/04\/ZNG-ENERJI-9144527_Sayfa_1-722x1024.jpg 722w, https:\/\/www.zngenerji.com\/wp-content\/uploads\/2026\/04\/ZNG-ENERJI-9144527_Sayfa_1-211x300.jpg 211w, https:\/\/www.zngenerji.com\/wp-content\/uploads\/2026\/04\/ZNG-ENERJI-9144527_Sayfa_1-768x1090.jpg 768w, https:\/\/www.zngenerji.com\/wp-content\/uploads\/2026\/04\/ZNG-ENERJI-9144527_Sayfa_1-1083x1536.jpg 1083w, https:\/\/www.zngenerji.com\/wp-content\/uploads\/2026\/04\/ZNG-ENERJI-9144527_Sayfa_1-1443x2048.jpg 1443w, https:\/\/www.zngenerji.com\/wp-content\/uploads\/2026\/04\/ZNG-ENERJI-9144527_Sayfa_1.jpg 1652w\" sizes=\"(max-width: 722px) 100vw, 722px\" \/>\t\t\t\t\t\t\t\t<\/a>\n\t\t\t\t\t\t\t\t\t\t\t<figcaption class=\"widget-image-caption wp-caption-text\">ISO BELGEM\u0130Z<\/figcaption>\n\t\t\t\t\t\t\t\t\t\t<\/figure>\n\t\t\t\t\t\t\t\t\t<\/div>\n\t\t\t\t<\/div>\n\t\t<div class=\"elementor-element elementor-element-1d2c8df e-con-full thegem-e-con-layout-thegem e-flex e-con e-child\" data-id=\"1d2c8df\" data-element_type=\"container\" data-settings=\"{&quot;thegem_container_layout&quot;:&quot;thegem&quot;}\">\r\n\t\t\t\t<div class=\"elementor-element elementor-element-1b41d60 flex-horizontal-align-default flex-horizontal-align-tablet-default flex-horizontal-align-mobile-default flex-vertical-align-default flex-vertical-align-tablet-default flex-vertical-align-mobile-default elementor-widget elementor-widget-image\" data-id=\"1b41d60\" data-element_type=\"widget\" data-widget_type=\"image.default\">\n\t\t\t\t\t\t\t\t\t\t\t\t<figure class=\"wp-caption\">\n\t\t\t\t\t\t\t\t\t\t\t<a href=\"https:\/\/www.zngenerji.com\/wp-content\/uploads\/2026\/04\/ZNG-ENERJI-9144527_Sayfa_4.jpg\" data-elementor-open-lightbox=\"yes\" data-elementor-lightbox-title=\"ZNG ENERJ\u0130-9+14+45+27_Sayfa_4\" data-e-action-hash=\"#elementor-action%3Aaction%3Dlightbox%26settings%3DeyJpZCI6MzUzMSwidXJsIjoiaHR0cHM6XC9cL3d3dy56bmdlbmVyamkuY29tXC93cC1jb250ZW50XC91cGxvYWRzXC8yMDI2XC8wNFwvWk5HLUVORVJKSS05MTQ0NTI3X1NheWZhXzQuanBnIn0%3D\">\n\t\t\t\t\t\t\t<img width=\"721\" height=\"1024\" src=\"https:\/\/www.zngenerji.com\/wp-content\/uploads\/2026\/04\/ZNG-ENERJI-9144527_Sayfa_4-721x1024.jpg\" class=\"attachment-large size-large wp-image-3531\" alt=\"\" srcset=\"https:\/\/www.zngenerji.com\/wp-content\/uploads\/2026\/04\/ZNG-ENERJI-9144527_Sayfa_4-721x1024.jpg 721w, https:\/\/www.zngenerji.com\/wp-content\/uploads\/2026\/04\/ZNG-ENERJI-9144527_Sayfa_4-211x300.jpg 211w, https:\/\/www.zngenerji.com\/wp-content\/uploads\/2026\/04\/ZNG-ENERJI-9144527_Sayfa_4-768x1091.jpg 768w, https:\/\/www.zngenerji.com\/wp-content\/uploads\/2026\/04\/ZNG-ENERJI-9144527_Sayfa_4-1081x1536.jpg 1081w, https:\/\/www.zngenerji.com\/wp-content\/uploads\/2026\/04\/ZNG-ENERJI-9144527_Sayfa_4-1442x2048.jpg 1442w, https:\/\/www.zngenerji.com\/wp-content\/uploads\/2026\/04\/ZNG-ENERJI-9144527_Sayfa_4.jpg 1655w\" sizes=\"(max-width: 721px) 100vw, 721px\" \/>\t\t\t\t\t\t\t\t<\/a>\n\t\t\t\t\t\t\t\t\t\t\t<figcaption class=\"widget-image-caption wp-caption-text\">ISO BELGEM\u0130Z<\/figcaption>\n\t\t\t\t\t\t\t\t\t\t<\/figure>\n\t\t\t\t\t\t\t\t\t<\/div>\n\t\t\t\t<\/div>\n\t\t\t\t\t<\/div>\n\t\t\t\t<\/div>\n\t\t\t\t<\/div>\n\t\t","protected":false},"excerpt":{"rendered":"<p>\u0130\u015e G\u00dcVENL\u0130\u011e\u0130 POL\u0130T\u0130KAMIZ KAL\u0130TE POL\u0130T\u0130KAMIZ B\u0130LG\u0130 G\u00dcVENL\u0130\u011e\u0130 POL\u0130T\u0130KAMIZ \u00c7EVRE POL\u0130T\u0130KAMIZ&#8230;<\/p>\n","protected":false},"author":1,"featured_media":0,"parent":0,"menu_order":0,"comment_status":"closed","ping_status":"closed","template":"page-fullwidth.php","meta":{"footnotes":""},"class_list":["post-3490","page","type-page","status-publish"],"_links":{"self":[{"href":"https:\/\/www.zngenerji.com\/index.php?rest_route=\/wp\/v2\/pages\/3490","targetHints":{"allow":["GET"]}}],"collection":[{"href":"https:\/\/www.zngenerji.com\/index.php?rest_route=\/wp\/v2\/pages"}],"about":[{"href":"https:\/\/www.zngenerji.com\/index.php?rest_route=\/wp\/v2\/types\/page"}],"author":[{"embeddable":true,"href":"https:\/\/www.zngenerji.com\/index.php?rest_route=\/wp\/v2\/users\/1"}],"replies":[{"embeddable":true,"href":"https:\/\/www.zngenerji.com\/index.php?rest_route=%2Fwp%2Fv2%2Fcomments&post=3490"}],"version-history":[{"count":31,"href":"https:\/\/www.zngenerji.com\/index.php?rest_route=\/wp\/v2\/pages\/3490\/revisions"}],"predecessor-version":[{"id":3534,"href":"https:\/\/www.zngenerji.com\/index.php?rest_route=\/wp\/v2\/pages\/3490\/revisions\/3534"}],"wp:attachment":[{"href":"https:\/\/www.zngenerji.com\/index.php?rest_route=%2Fwp%2Fv2%2Fmedia&parent=3490"}],"curies":[{"name":"wp","href":"https:\/\/api.w.org\/{rel}","templated":true}]}}