{"id":50,"date":"2019-06-26T10:49:18","date_gmt":"2019-06-26T10:49:18","guid":{"rendered":"https:\/\/democontent.codex-themes.com\/sites-elementor\/logistics\/?page_id=50"},"modified":"2025-12-24T16:32:59","modified_gmt":"2025-12-24T13:32:59","slug":"track","status":"publish","type":"page","link":"https:\/\/www.zngenerji.com\/?page_id=50","title":{"rendered":"Kurulumlar\u0131m\u0131z"},"content":{"rendered":"\t\t<div data-elementor-type=\"wp-page\" data-elementor-id=\"50\" class=\"elementor elementor-50\">\n\t\t\t\t<div class=\"elementor-element elementor-element-0a45578 thegem-e-con-layout-thegem e-flex e-con-boxed e-con e-parent\" data-id=\"0a45578\" data-element_type=\"container\" data-settings=\"{&quot;thegem_container_layout&quot;:&quot;thegem&quot;}\">\r\n\t\t\t\t\t<div class=\"e-con-inner\">\r\n\t\t\t\t<div class=\"elementor-element elementor-element-758c19a flex-horizontal-align-default flex-horizontal-align-tablet-default flex-horizontal-align-mobile-default flex-vertical-align-default flex-vertical-align-tablet-default flex-vertical-align-mobile-default elementor-widget elementor-widget-shortcode\" data-id=\"758c19a\" data-element_type=\"widget\" data-widget_type=\"shortcode.default\">\n\t\t\t\t\t\t\t<div class=\"elementor-shortcode\"><div class=\"map_wrapper\" id=\"map_wrapper_1438\">\n<div class=\"map_box\" style=\"max-width:2000px\">\n<div class=\"map_aspect_ratio\" style=\"padding-top:56%\" data-padding-top=\"56%\" data-padding-top-mobile=\"0%\">\n<div class=\"map_container\">\n<div class=\"map_render map_loading\" id=\"map_1438\"><\/div>\n<\/div>\n<\/div>\n<\/div>\n<\/div><\/div>\n\t\t\t\t\t\t<\/div>\n\t\t\t\t\t<\/div>\n\t\t\t\t<\/div>\n\t\t\t\t<section class=\"elementor-section elementor-top-section elementor-element elementor-element-188dc8e elementor-section-boxed elementor-section-height-default elementor-section-height-default\" data-id=\"188dc8e\" data-element_type=\"section\" data-settings=\"{&quot;background_background&quot;:&quot;classic&quot;}\">\r\n\t\t\t\t\t\t<div class=\"elementor-container elementor-column-gap-thegem\"><div class=\"elementor-row\">\r\n\t\t\t\t\t<div class=\"elementor-column elementor-col-20 elementor-top-column elementor-element elementor-element-0c89081\" data-id=\"0c89081\" data-element_type=\"column\">\n\t\t\t<div class=\"elementor-widget-wrap elementor-element-populated\">\n\t\t\t\t\t\t<div class=\"elementor-element elementor-element-1d70b01 flex-horizontal-align-default flex-horizontal-align-tablet-default flex-horizontal-align-mobile-default flex-vertical-align-default flex-vertical-align-tablet-default flex-vertical-align-mobile-default elementor-widget elementor-widget-thegem-counter\" data-id=\"1d70b01\" data-element_type=\"widget\" data-settings=\"{&quot;thegem_elementor_preset&quot;:&quot;counter-preset1&quot;,&quot;counter_animation_enabled&quot;:&quot;yes&quot;}\" data-widget_type=\"thegem-counter.default\">\n\t\t\t\t<div class=\"elementor-widget-container\">\n\t\t\t\t\t\n\t\t<div class=\"counter-preset1\">\n\t\t\t<div class=\"gem-counter-container\">\n\n                <div class=\"preloader\"><div class=\"preloader-spin\"><\/div><\/div>\n\n\t\t\t\t\n\n<div data-number-format=\"(ddd).ddd\" class=\"gem-counter-box\">\n\t<div class=\"gem-counter\">\n\t\t<div class=\"gem-counter-inner\">\n\t\t\t\t\t\t<div class=\"gem-counter-number\">\n\t\t\t\t<div class=\"gem-counter-odometer odometer odometer-auto-theme\" data-to=\"392\">\n\t\t\t\t\t\t\t\t\t\t\t0\t\t\t\t\t\t\t\t\t<\/div>\n\t\t\t\t\t\t\t<\/div>\n\t\t\t<div class=\"gem-counter-text styled-subtitle\">\n\t\t\t\tDC \u015eARJ \u0130STASYONU\t\t\t<\/div>\n\t\t<\/div>\n\t<\/div>\n\t<\/div>\t\t\t<\/div>\n\t\t<\/div>\n\n\t\t\t\t\t\t<\/div>\n\t\t\t\t<\/div>\n\t\t\t\t\t<\/div>\n\t\t<\/div>\n\t\t\t\t<div class=\"elementor-column elementor-col-20 elementor-top-column elementor-element elementor-element-0abce03\" data-id=\"0abce03\" data-element_type=\"column\">\n\t\t\t<div class=\"elementor-widget-wrap elementor-element-populated\">\n\t\t\t\t\t\t<div class=\"elementor-element elementor-element-f8531dd flex-horizontal-align-default flex-horizontal-align-tablet-default flex-horizontal-align-mobile-default flex-vertical-align-default flex-vertical-align-tablet-default flex-vertical-align-mobile-default elementor-widget elementor-widget-thegem-counter\" data-id=\"f8531dd\" data-element_type=\"widget\" data-settings=\"{&quot;thegem_elementor_preset&quot;:&quot;counter-preset1&quot;,&quot;counter_animation_enabled&quot;:&quot;yes&quot;}\" data-widget_type=\"thegem-counter.default\">\n\t\t\t\t<div class=\"elementor-widget-container\">\n\t\t\t\t\t\n\t\t<div class=\"counter-preset1\">\n\t\t\t<div class=\"gem-counter-container\">\n\n                <div class=\"preloader\"><div class=\"preloader-spin\"><\/div><\/div>\n\n\t\t\t\t\n\n<div data-number-format=\"(ddd).ddd\" class=\"gem-counter-box\">\n\t<div class=\"gem-counter\">\n\t\t<div class=\"gem-counter-inner\">\n\t\t\t\t\t\t<div class=\"gem-counter-number\">\n\t\t\t\t<div class=\"gem-counter-odometer odometer odometer-auto-theme\" data-to=\"783\">\n\t\t\t\t\t\t\t\t\t\t\t0\t\t\t\t\t\t\t\t\t<\/div>\n\t\t\t\t\t\t\t<\/div>\n\t\t\t<div class=\"gem-counter-text styled-subtitle\">\n\t\t\t\tSOKET\t\t\t<\/div>\n\t\t<\/div>\n\t<\/div>\n\t<\/div>\t\t\t<\/div>\n\t\t<\/div>\n\n\t\t\t\t\t\t<\/div>\n\t\t\t\t<\/div>\n\t\t\t\t\t<\/div>\n\t\t<\/div>\n\t\t\t\t<div class=\"elementor-column elementor-col-20 elementor-top-column elementor-element elementor-element-1cd199d\" data-id=\"1cd199d\" data-element_type=\"column\">\n\t\t\t<div class=\"elementor-widget-wrap elementor-element-populated\">\n\t\t\t\t\t\t<div class=\"elementor-element elementor-element-4b9dcf5 flex-horizontal-align-default flex-horizontal-align-tablet-default flex-horizontal-align-mobile-default flex-vertical-align-default flex-vertical-align-tablet-default flex-vertical-align-mobile-default elementor-widget elementor-widget-thegem-counter\" data-id=\"4b9dcf5\" data-element_type=\"widget\" data-settings=\"{&quot;thegem_elementor_preset&quot;:&quot;counter-preset1&quot;,&quot;counter_animation_enabled&quot;:&quot;yes&quot;}\" data-widget_type=\"thegem-counter.default\">\n\t\t\t\t<div class=\"elementor-widget-container\">\n\t\t\t\t\t\n\t\t<div class=\"counter-preset1\">\n\t\t\t<div class=\"gem-counter-container\">\n\n                <div class=\"preloader\"><div class=\"preloader-spin\"><\/div><\/div>\n\n\t\t\t\t\n\n<div data-number-format=\"(ddd).ddd\" class=\"gem-counter-box\">\n\t<div class=\"gem-counter\">\n\t\t<div class=\"gem-counter-inner\">\n\t\t\t\t\t\t<div class=\"gem-counter-number\">\n\t\t\t\t<div class=\"gem-counter-odometer odometer odometer-auto-theme\" data-to=\"282\">\n\t\t\t\t\t\t\t\t\t\t\t0\t\t\t\t\t\t\t\t\t<\/div>\n\t\t\t\t\t\t\t<\/div>\n\t\t\t<div class=\"gem-counter-text styled-subtitle\">\n\t\t\t\tAC \u015eARJ \u0130STASYONU\t\t\t<\/div>\n\t\t<\/div>\n\t<\/div>\n\t<\/div>\t\t\t<\/div>\n\t\t<\/div>\n\n\t\t\t\t\t\t<\/div>\n\t\t\t\t<\/div>\n\t\t\t\t\t<\/div>\n\t\t<\/div>\n\t\t\t\t<div class=\"elementor-column elementor-col-20 elementor-top-column elementor-element elementor-element-d900ed1\" data-id=\"d900ed1\" data-element_type=\"column\">\n\t\t\t<div class=\"elementor-widget-wrap elementor-element-populated\">\n\t\t\t\t\t\t<div class=\"elementor-element elementor-element-0cbb913 flex-horizontal-align-default flex-horizontal-align-tablet-default flex-horizontal-align-mobile-default flex-vertical-align-default flex-vertical-align-tablet-default flex-vertical-align-mobile-default elementor-widget elementor-widget-thegem-counter\" data-id=\"0cbb913\" data-element_type=\"widget\" data-settings=\"{&quot;thegem_elementor_preset&quot;:&quot;counter-preset1&quot;,&quot;counter_animation_enabled&quot;:&quot;yes&quot;}\" data-widget_type=\"thegem-counter.default\">\n\t\t\t\t<div class=\"elementor-widget-container\">\n\t\t\t\t\t\n\t\t<div class=\"counter-preset1\">\n\t\t\t<div class=\"gem-counter-container\">\n\n                <div class=\"preloader\"><div class=\"preloader-spin\"><\/div><\/div>\n\n\t\t\t\t\n\n<div data-number-format=\"(ddd).ddd\" class=\"gem-counter-box\">\n\t<div class=\"gem-counter\">\n\t\t<div class=\"gem-counter-inner\">\n\t\t\t\t\t\t<div class=\"gem-counter-number\">\n\t\t\t\t<div class=\"gem-counter-odometer odometer odometer-auto-theme\" data-to=\"282\">\n\t\t\t\t\t\t\t\t\t\t\t0\t\t\t\t\t\t\t\t\t<\/div>\n\t\t\t\t\t\t\t<\/div>\n\t\t\t<div class=\"gem-counter-text styled-subtitle\">\n\t\t\t\tSOKET\t\t\t<\/div>\n\t\t<\/div>\n\t<\/div>\n\t<\/div>\t\t\t<\/div>\n\t\t<\/div>\n\n\t\t\t\t\t\t<\/div>\n\t\t\t\t<\/div>\n\t\t\t\t\t<\/div>\n\t\t<\/div>\n\t\t\t\t<div class=\"elementor-column elementor-col-20 elementor-top-column elementor-element elementor-element-6160716\" data-id=\"6160716\" data-element_type=\"column\">\n\t\t\t<div class=\"elementor-widget-wrap elementor-element-populated\">\n\t\t\t\t\t\t<div class=\"elementor-element elementor-element-cf1cc58 flex-horizontal-align-default flex-horizontal-align-tablet-default flex-horizontal-align-mobile-default flex-vertical-align-default flex-vertical-align-tablet-default flex-vertical-align-mobile-default elementor-widget elementor-widget-thegem-counter\" data-id=\"cf1cc58\" data-element_type=\"widget\" data-settings=\"{&quot;thegem_elementor_preset&quot;:&quot;counter-preset1&quot;,&quot;counter_animation_enabled&quot;:&quot;yes&quot;}\" data-widget_type=\"thegem-counter.default\">\n\t\t\t\t<div class=\"elementor-widget-container\">\n\t\t\t\t\t\n\t\t<div class=\"counter-preset1\">\n\t\t\t<div class=\"gem-counter-container\">\n\n                <div class=\"preloader\"><div class=\"preloader-spin\"><\/div><\/div>\n\n\t\t\t\t\n\n<div data-number-format=\"(ddd).ddd\" class=\"gem-counter-box\">\n\t<div class=\"gem-counter\">\n\t\t<div class=\"gem-counter-inner\">\n\t\t\t\t\t\t<div class=\"gem-counter-number\">\n\t\t\t\t<div class=\"gem-counter-odometer odometer odometer-auto-theme\" data-to=\"1066\">\n\t\t\t\t\t\t\t\t\t\t\t0\t\t\t\t\t\t\t\t\t<\/div>\n\t\t\t\t\t\t\t<\/div>\n\t\t\t<div class=\"gem-counter-text styled-subtitle\">\n\t\t\t\tTOPLAM SOKET\t\t\t<\/div>\n\t\t<\/div>\n\t<\/div>\n\t<\/div>\t\t\t<\/div>\n\t\t<\/div>\n\n\t\t\t\t\t\t<\/div>\n\t\t\t\t<\/div>\n\t\t\t\t\t<\/div>\n\t\t<\/div>\n\t\t\t\t\t<\/div><\/div>\r\n\t\t<\/section>\r\n\t\t\t\t<section class=\"elementor-section elementor-top-section elementor-element elementor-element-5b4bbee elementor-section-boxed elementor-section-height-default elementor-section-height-default\" data-id=\"5b4bbee\" data-element_type=\"section\">\r\n\t\t\t\t\t\t<div class=\"elementor-container elementor-column-gap-thegem\"><div class=\"elementor-row\">\r\n\t\t\t\t\t<div class=\"elementor-column elementor-col-100 elementor-top-column elementor-element elementor-element-ea514bd\" data-id=\"ea514bd\" data-element_type=\"column\">\n\t\t\t<div class=\"elementor-widget-wrap elementor-element-populated\">\n\t\t\t\t\t\t<div class=\"elementor-element elementor-element-98335ce flex-horizontal-align-default flex-horizontal-align-tablet-default flex-horizontal-align-mobile-default flex-vertical-align-default flex-vertical-align-tablet-default flex-vertical-align-mobile-default elementor-widget elementor-widget-heading\" data-id=\"98335ce\" data-element_type=\"widget\" data-widget_type=\"heading.default\">\n\t\t\t\t\t<div class=\"title-h4 elementor-heading-title elementor-size-default\">TANITIM F\u0130LM\u0130<\/div>\t\t\t\t<\/div>\n\t\t\t\t\t<\/div>\n\t\t<\/div>\n\t\t\t\t\t<\/div><\/div>\r\n\t\t<\/section>\r\n\t\t<div class=\"elementor-element elementor-element-db6ccba thegem-e-con-layout-thegem e-flex e-con-boxed e-con e-parent\" data-id=\"db6ccba\" data-element_type=\"container\" data-settings=\"{&quot;thegem_container_layout&quot;:&quot;thegem&quot;}\">\r\n\t\t\t\t\t<div class=\"e-con-inner\">\r\n\t\t\t\t<div class=\"elementor-element elementor-element-fd907b6 flex-horizontal-align-default flex-horizontal-align-tablet-default flex-horizontal-align-mobile-default flex-vertical-align-default flex-vertical-align-tablet-default flex-vertical-align-mobile-default elementor-widget elementor-widget-video\" data-id=\"fd907b6\" data-element_type=\"widget\" data-settings=\"{&quot;video_type&quot;:&quot;hosted&quot;,&quot;autoplay&quot;:&quot;yes&quot;,&quot;controls&quot;:&quot;yes&quot;}\" data-widget_type=\"video.default\">\n\t\t\t\t\t\t\t<div class=\"e-hosted-video elementor-wrapper elementor-open-inline\">\n\t\t\t\t\t<video class=\"elementor-video\" src=\"https:\/\/www.zngenerji.com\/wp-content\/uploads\/2025\/12\/ZNG_ENERJI_REV_S121125-1.mov\" autoplay=\"\" controls=\"\" controlsList=\"nodownload\" poster=\"https:\/\/www.zngenerji.com\/wp-content\/uploads\/2025\/12\/DJI_20251104153449_0115_D-copy-2-scaled.jpg\"><\/video>\n\t\t\t\t<\/div>\n\t\t\t\t\t\t<\/div>\n\t\t\t\t\t<\/div>\n\t\t\t\t<\/div>\n\t\t<div class=\"elementor-element elementor-element-ba0c4ca thegem-e-con-layout-thegem e-flex e-con-boxed e-con e-parent\" data-id=\"ba0c4ca\" data-element_type=\"container\" data-settings=\"{&quot;thegem_container_layout&quot;:&quot;thegem&quot;}\">\r\n\t\t\t\t\t<div class=\"e-con-inner\">\r\n\t\t\t\t<div class=\"elementor-element elementor-element-ecf9da7 flex-horizontal-align-default flex-horizontal-align-tablet-default flex-horizontal-align-mobile-default flex-vertical-align-default flex-vertical-align-tablet-default flex-vertical-align-mobile-default elementor-widget elementor-widget-spacer\" data-id=\"ecf9da7\" data-element_type=\"widget\" data-widget_type=\"spacer.default\">\n\t\t\t\t<div class=\"elementor-widget-container\">\n\t\t\t\t\t\t\t<div class=\"elementor-spacer\">\n\t\t\t<div class=\"elementor-spacer-inner\"><\/div>\n\t\t<\/div>\n\t\t\t\t\t\t<\/div>\n\t\t\t\t<\/div>\n\t\t\t\t\t<\/div>\n\t\t\t\t<\/div>\n\t\t\t\t<\/div>\n\t\t","protected":false},"excerpt":{"rendered":"<p>0 DC \u015eARJ \u0130STASYONU 0 SOKET 0 AC \u015eARJ \u0130STASYONU&#8230;<\/p>\n","protected":false},"author":1,"featured_media":0,"parent":0,"menu_order":0,"comment_status":"closed","ping_status":"closed","template":"page-fullwidth.php","meta":{"footnotes":""},"class_list":["post-50","page","type-page","status-publish"],"_links":{"self":[{"href":"https:\/\/www.zngenerji.com\/index.php?rest_route=\/wp\/v2\/pages\/50","targetHints":{"allow":["GET"]}}],"collection":[{"href":"https:\/\/www.zngenerji.com\/index.php?rest_route=\/wp\/v2\/pages"}],"about":[{"href":"https:\/\/www.zngenerji.com\/index.php?rest_route=\/wp\/v2\/types\/page"}],"author":[{"embeddable":true,"href":"https:\/\/www.zngenerji.com\/index.php?rest_route=\/wp\/v2\/users\/1"}],"replies":[{"embeddable":true,"href":"https:\/\/www.zngenerji.com\/index.php?rest_route=%2Fwp%2Fv2%2Fcomments&post=50"}],"version-history":[{"count":23,"href":"https:\/\/www.zngenerji.com\/index.php?rest_route=\/wp\/v2\/pages\/50\/revisions"}],"predecessor-version":[{"id":3410,"href":"https:\/\/www.zngenerji.com\/index.php?rest_route=\/wp\/v2\/pages\/50\/revisions\/3410"}],"wp:attachment":[{"href":"https:\/\/www.zngenerji.com\/index.php?rest_route=%2Fwp%2Fv2%2Fmedia&parent=50"}],"curies":[{"name":"wp","href":"https:\/\/api.w.org\/{rel}","templated":true}]}}